{"id":982,"date":"2017-08-30T15:10:04","date_gmt":"2017-08-30T15:10:04","guid":{"rendered":"https:\/\/www.lamotte-industrial-park.com\/?page_id=982\/"},"modified":"2017-09-01T12:53:52","modified_gmt":"2017-09-01T12:53:52","slug":"mentions-legales","status":"publish","type":"page","link":"https:\/\/www.lamotte-industrial-park.com\/fr\/mentions-legales\/","title":{"rendered":"Mentions L\u00e9gales"},"content":{"rendered":"<div class=\"wpb-content-wrapper\"><p>[vc_row][vc_column][vc_column_text]Les mentions l\u00e9gales indiqu\u00e9es ci-dessous sont r\u00e9glement\u00e9es par la Loi n\u00b0 2004-575 du 21 juin 2004 pour la confiance dans l\u2019\u00e9conomie num\u00e9rique.<\/p>\n<p>Le site www.lamotte-industrial-park.com est la propri\u00e9t\u00e9 de la <strong>SAS WEYLCHEM LAMOTTE<\/strong> :<br \/>\nAdresse : Rue du Flottage, 60350 Trosly-Breuil, France<br \/>\nDirecteur de la publication :<\/p>\n<h3>Conception et r\u00e9alisation du site<\/h3>\n<p>Site con\u00e7u et r\u00e9alis\u00e9 par l\u2019Agence web MENTALWORKS<br \/>\nCS70454 LACROIX SAINT-OUEN<br \/>\n60204 COMPIEGNE CEDEX<br \/>\nT\u00e9l. 03 44 86 22 55<br \/>\nWeb. http:\/\/www.mentalworks.fr\/<\/p>\n<h3>H\u00e9bergement du site<\/h3>\n<p>Site h\u00e9berg\u00e9 par PLANET-WORK<br \/>\nSi\u00e8ge social : 231 rue Saint-Honor\u00e9, 75001 Paris \u2013 France<br \/>\nT\u00e9l. 0891 024 424 (France)<\/p>\n<h3>Droits d\u2019auteurs et copyright<\/h3>\n<p>Le site de WEYLCHEM LAMOTTE est une \u0153uvre de l\u2019esprit prot\u00e9g\u00e9e par la l\u00e9gislation en vigueur, il est \u00e9dit\u00e9 et g\u00e9r\u00e9 par WEYLCHEM LAMOTTE.<br \/>\nLes droits de l\u2019auteur de ce site sont r\u00e9serv\u00e9s pour toute forme d\u2019utilisation. En particulier, la reproduction des \u00e9l\u00e9ments graphiques du site, le t\u00e9l\u00e9chargement complet du site pour son enregistrement sur un support de diffusion, ainsi que toute utilisation des visuels et textes qu\u2019il contient autre que la consultation individuelle et priv\u00e9e sont interdits sans autorisation.<br \/>\nLes droits aff\u00e9rents aux illustrations et photographies contenues dans ce site et dans tous ses sous-domaines, appartiennent, sauf mention contraire, \u00e0 WEYLCHEM LAMOTTE.<\/p>\n<h3>Avertissements<\/h3>\n<p>Les informations publi\u00e9es sont r\u00e9guli\u00e8rement v\u00e9rifi\u00e9es et mises \u00e0 jour. N\u00e9anmoins, WEYLCHEM LAMOTTE se r\u00e9serve le droit de corriger \u00e0 tout moment et sans pr\u00e9avis le contenu de son site, d\u00e8s que toute erreur ou omission lui sera signal\u00e9e par courrier \u00e9lectronique. En cons\u00e9quence, WEYLCHEM LAMOTTE d\u00e9cline toute responsabilit\u00e9 : pour tous dommages r\u00e9sultant d\u2019une intrusion frauduleuse d\u2019un tiers ayant entra\u00een\u00e9 une modification des informations mises \u00e0 la disposition sur le site ; et plus g\u00e9n\u00e9ralement pour tous dommages, directs ou indirects, qu\u2019elles qu\u2019en soient les causes, origines, nature ou cons\u00e9quences, provoqu\u00e9s \u00e0 raison de l\u2019acc\u00e8s de quiconque au site ou de l\u2019impossibilit\u00e9 d\u2019y acc\u00e9der, de m\u00eame que l\u2019utilisation du site et\/ou du cr\u00e9dit accord\u00e9 \u00e0 une quelconque information provenant directement ou indirectement de ce dernier.<br \/>\nLes informations techniques qui se trouvent sur ce site n\u2019ont qu\u2019une valeur informative et sont susceptibles d\u2019\u00e9voluer en fonction des modifications l\u00e9gislatives et r\u00e9glementaires. WEYLCHEM LAMOTTE ne peut \u00eatre tenue responsable de l\u2019interpr\u00e9tation des informations contenues dans ce site. Les mentions l\u00e9gales accessibles par le lien www.lamotte-industrial-park.com\/mentions-legales\/ s\u2019appliquent \u00e9galement \u00e0 ses sous-domaines.<\/p>\n<h3>Traitement des donn\u00e9es personnelles<\/h3>\n<p>Les informations que WEYLCHEM LAMOTTE sera amen\u00e9e \u00e0 recueillir proviennent de l\u2019enregistrement volontaire d\u2019une adresse courriel fournie par l\u2019internaute, lui permettant de recevoir une documentation, de se renseigner sur un point quelconque sont destin\u00e9es \u00e0 l\u2019usage exclusif de WEYLCHEM LAMOTTE. Elles ne sont en aucun cas c\u00e9d\u00e9es ou vendues \u00e0 des tiers \u00e0 quelque fin que ce soit, notamment commerciale. Conform\u00e9ment \u00e0 l\u2019article 27 de la loi N\u00b0 78-17 du 6 janvier 1978 relative \u00e0 l\u2019informatique, aux fichiers et aux libert\u00e9s, vous disposez d\u2019un droit d\u2019acc\u00e8s, de modification, et de suppression des donn\u00e9es personnelles vous concernant. Ce droit est exerc\u00e9 via le contenu de chaque newsletter en cliquant sur le lien \u00ab se d\u00e9sinscrire \u00bb. Conform\u00e9ment aux textes en vigueur, ce site ne fait pas l\u2019objet d\u2019une d\u00e9claration aupr\u00e8s de la Commission nationale Informatique et Libert\u00e9s puisqu\u2019il ne conserve aucune donn\u00e9es personnelles.<\/p>\n<h3>Liens hypertexte<\/h3>\n<p>Les liens hypertextes pr\u00e9sents sur le site orientant les utilisateurs vers d\u2019autres sites Internet n\u2019engagent pas la responsabilit\u00e9 de WEYLCHEM LAMOTTE quant au contenu de ces sites. Toute personne physique ou morale souhaitant que soit \u00e9tabli un lien avec www.lamotte-industrial-park.com \u00e0 partir de notre site, doit pr\u00e9alablement en demander l\u2019autorisation. L\u2019\u00e9tablissement de lien vers notre site ne requiert pas d\u2019autorisation. WEYLCHEM LAMOTTE d\u00e9gage toute responsabilit\u00e9 dans ce cas.<\/p>\n<h3>Lois de r\u00e9f\u00e9rence<\/h3>\n<ul>\n<li>Loi 78-17 du 6 janvier 1978 Loi relative \u00e0 l\u2019informatique, aux fichiers et aux libert\u00e9s<\/li>\n<li>Loi du 29 juillet 1881 Loi sur la libert\u00e9 de la presse<\/li>\n<li>Loi 2000-719 du 1er ao\u00fbt 2000 Extrait de la loi portant sur la responsabilit\u00e9 des prestataires techniques.<\/li>\n<\/ul>\n<h3>Cr\u00e9dits<\/h3>\n<p>Tous droits r\u00e9serv\u00e9s : WEYLCHEM LAMOTTE[\/vc_column_text][\/vc_column][\/vc_row]<\/p>\n<\/div>","protected":false},"excerpt":{"rendered":"<p>[vc_row][vc_column][vc_column_text]Les mentions l\u00e9gales indiqu\u00e9es ci-dessous sont r\u00e9glement\u00e9es par la Loi n\u00b0 2004-575 du 21 juin 2004 pour la confiance dans l\u2019\u00e9conomie num\u00e9rique. Le site www.lamotte-industrial-park.com est la propri\u00e9t\u00e9 de la SAS WEYLCHEM LAMOTTE : Adresse : Rue du Flottage, 60350 Trosly-Breuil, France Directeur de la publication : Conception et r\u00e9alisation du site Site con\u00e7u et&hellip;<\/p>\n","protected":false},"author":1,"featured_media":0,"parent":0,"menu_order":0,"comment_status":"closed","ping_status":"closed","template":"","meta":{"rs_blank_template":"","rs_page_bg_color":"","slide_template_v7":"","footnotes":""},"class_list":["post-982","page","type-page","status-publish","hentry","description-off"],"_links":{"self":[{"href":"https:\/\/www.lamotte-industrial-park.com\/fr\/wp-json\/wp\/v2\/pages\/982","targetHints":{"allow":["GET"]}}],"collection":[{"href":"https:\/\/www.lamotte-industrial-park.com\/fr\/wp-json\/wp\/v2\/pages"}],"about":[{"href":"https:\/\/www.lamotte-industrial-park.com\/fr\/wp-json\/wp\/v2\/types\/page"}],"author":[{"embeddable":true,"href":"https:\/\/www.lamotte-industrial-park.com\/fr\/wp-json\/wp\/v2\/users\/1"}],"replies":[{"embeddable":true,"href":"https:\/\/www.lamotte-industrial-park.com\/fr\/wp-json\/wp\/v2\/comments?post=982"}],"version-history":[{"count":3,"href":"https:\/\/www.lamotte-industrial-park.com\/fr\/wp-json\/wp\/v2\/pages\/982\/revisions"}],"predecessor-version":[{"id":991,"href":"https:\/\/www.lamotte-industrial-park.com\/fr\/wp-json\/wp\/v2\/pages\/982\/revisions\/991"}],"wp:attachment":[{"href":"https:\/\/www.lamotte-industrial-park.com\/fr\/wp-json\/wp\/v2\/media?parent=982"}],"curies":[{"name":"wp","href":"https:\/\/api.w.org\/{rel}","templated":true}]}}