{"id":831,"date":"2017-08-03T11:52:11","date_gmt":"2017-08-03T11:52:11","guid":{"rendered":"https:\/\/www.lamotte-industrial-park.com\/hygiene-environnement-et-securite\/hygiene\/"},"modified":"2021-01-26T09:30:51","modified_gmt":"2021-01-26T09:30:51","slug":"hygiene","status":"publish","type":"page","link":"https:\/\/www.lamotte-industrial-park.com\/fr\/hygiene-environnement-et-securite\/hygiene\/","title":{"rendered":"Hygi\u00e8ne"},"content":{"rendered":"<div class=\"wpb-content-wrapper\"><p>[vc_section full_height=\u00a0\u00bbyes\u00a0\u00bb content_placement=\u00a0\u00bbmiddle\u00a0\u00bb css=\u00a0\u00bb.vc_custom_1498035770431{margin-bottom: 40px !important;}\u00a0\u00bb][vc_row type=\u00a0\u00bbvc_default\u00a0\u00bb full_width=\u00a0\u00bbstretch_row\u00a0\u00bb equal_height=\u00a0\u00bbyes\u00a0\u00bb content_placement=\u00a0\u00bbmiddle\u00a0\u00bb css=\u00a0\u00bb.vc_custom_1498033685312{margin-bottom: 0px !important;padding-bottom: 0px !important;}\u00a0\u00bb][vc_column width=\u00a0\u00bb1\/2&Prime; animation=\u00a0\u00bbfadeInLeft\u00a0\u00bb css=\u00a0\u00bb.vc_custom_1498035111263{margin-right: 20px !important;margin-left: 20px !important;}\u00a0\u00bb][vc_custom_heading text=\u00a0\u00bbMai juin 2017 : Campagne de mesure de la qualit\u00e9 de l\u2019air\u00a0\u00bb font_container=\u00a0\u00bbtag:h2|text_align:center\u00a0\u00bb use_theme_fonts=\u00a0\u00bbyes\u00a0\u00bb css=\u00a0\u00bb.vc_custom_1501575645238{padding-bottom: 20px !important;}\u00a0\u00bb][vc_column_text css=\u00a0\u00bb.vc_custom_1501768895519{padding-bottom: 10px !important;}\u00a0\u00bb]<\/p>\n<p style=\"text-align: center;\">Une campagne de mesure de la qualit\u00e9 de l\u2019air a \u00e9t\u00e9 r\u00e9alis\u00e9e en continue pendant 2 semaines au cours des mois de mai\/juin 2017 autour de la plateforme sur les communes de Trosly-Breuil, Cuise Lamotte et Berneuil sur Aisne.<\/p>\n<p>[\/vc_column_text][vc_column_text]<\/p>\n<p style=\"text-align: center;\">Les analyses effectu\u00e9es sur 15 substances montrent une compatibilit\u00e9 avec les usages identifi\u00e9s autour de la plateforme.<\/p>\n<p>[\/vc_column_text][\/vc_column][vc_column width=\u00a0\u00bb1\/2&Prime; css=\u00a0\u00bb.vc_custom_1501575891657{margin-right: 0px !important;margin-left: 0px !important;padding-right: 0px !important;padding-left: 0px !important;}\u00a0\u00bb][vc_single_image image=\u00a0\u00bb632&Prime; img_size=\u00a0\u00bbfull\u00a0\u00bb alignment=\u00a0\u00bbcenter\u00a0\u00bb css_animation=\u00a0\u00bbfadeIn\u00a0\u00bb css=\u00a0\u00bb.vc_custom_1501575528598{margin-bottom: 0px !important;padding-bottom: 0px !important;}\u00a0\u00bb][\/vc_column][\/vc_row][\/vc_section]<\/p>\n<\/div>","protected":false},"excerpt":{"rendered":"<p>[vc_section full_height=\u00a0\u00bbyes\u00a0\u00bb content_placement=\u00a0\u00bbmiddle\u00a0\u00bb css=\u00a0\u00bb.vc_custom_1498035770431{margin-bottom: 40px !important;}\u00a0\u00bb][vc_row type=\u00a0\u00bbvc_default\u00a0\u00bb full_width=\u00a0\u00bbstretch_row\u00a0\u00bb equal_height=\u00a0\u00bbyes\u00a0\u00bb content_placement=\u00a0\u00bbmiddle\u00a0\u00bb css=\u00a0\u00bb.vc_custom_1498033685312{margin-bottom: 0px !important;padding-bottom: 0px !important;}\u00a0\u00bb][vc_column width=\u00a0\u00bb1\/2&Prime; animation=\u00a0\u00bbfadeInLeft\u00a0\u00bb css=\u00a0\u00bb.vc_custom_1498035111263{margin-right: 20px !important;margin-left: 20px !important;}\u00a0\u00bb][vc_custom_heading text=\u00a0\u00bbMai juin 2017 : Campagne de mesure de la qualit\u00e9 de l\u2019air\u00a0\u00bb font_container=\u00a0\u00bbtag:h2|text_align:center\u00a0\u00bb use_theme_fonts=\u00a0\u00bbyes\u00a0\u00bb css=\u00a0\u00bb.vc_custom_1501575645238{padding-bottom: 20px !important;}\u00a0\u00bb][vc_column_text css=\u00a0\u00bb.vc_custom_1501768895519{padding-bottom: 10px !important;}\u00a0\u00bb] Une campagne de mesure de la qualit\u00e9 de l\u2019air a \u00e9t\u00e9 r\u00e9alis\u00e9e en&hellip;<\/p>\n","protected":false},"author":1,"featured_media":0,"parent":825,"menu_order":0,"comment_status":"closed","ping_status":"closed","template":"","meta":{"rs_blank_template":"","rs_page_bg_color":"#ffffff","slide_template_v7":"","footnotes":""},"class_list":["post-831","page","type-page","status-publish","hentry","description-off"],"_links":{"self":[{"href":"https:\/\/www.lamotte-industrial-park.com\/fr\/wp-json\/wp\/v2\/pages\/831","targetHints":{"allow":["GET"]}}],"collection":[{"href":"https:\/\/www.lamotte-industrial-park.com\/fr\/wp-json\/wp\/v2\/pages"}],"about":[{"href":"https:\/\/www.lamotte-industrial-park.com\/fr\/wp-json\/wp\/v2\/types\/page"}],"author":[{"embeddable":true,"href":"https:\/\/www.lamotte-industrial-park.com\/fr\/wp-json\/wp\/v2\/users\/1"}],"replies":[{"embeddable":true,"href":"https:\/\/www.lamotte-industrial-park.com\/fr\/wp-json\/wp\/v2\/comments?post=831"}],"version-history":[{"count":7,"href":"https:\/\/www.lamotte-industrial-park.com\/fr\/wp-json\/wp\/v2\/pages\/831\/revisions"}],"predecessor-version":[{"id":839,"href":"https:\/\/www.lamotte-industrial-park.com\/fr\/wp-json\/wp\/v2\/pages\/831\/revisions\/839"}],"up":[{"embeddable":true,"href":"https:\/\/www.lamotte-industrial-park.com\/fr\/wp-json\/wp\/v2\/pages\/825"}],"wp:attachment":[{"href":"https:\/\/www.lamotte-industrial-park.com\/fr\/wp-json\/wp\/v2\/media?parent=831"}],"curies":[{"name":"wp","href":"https:\/\/api.w.org\/{rel}","templated":true}]}}