{"id":795,"date":"2017-08-03T10:43:33","date_gmt":"2017-08-03T10:43:33","guid":{"rendered":"https:\/\/www.lamotte-industrial-park.com\/presentation\/"},"modified":"2023-06-22T09:34:04","modified_gmt":"2023-06-22T09:34:04","slug":"presentation","status":"publish","type":"page","link":"https:\/\/www.lamotte-industrial-park.com\/fr\/presentation\/","title":{"rendered":"Pr\u00e9sentation"},"content":{"rendered":"<div class=\"wpb-content-wrapper\"><p>[vc_section][vc_row][vc_column][vc_empty_space][vc_column_text css_animation=\u00a0\u00bbfadeIn\u00a0\u00bb]<\/p>\n<p style=\"text-align: center;\"><strong>Depuis le 1<sup>er<\/sup>\u00a0Janvier 2014, le site de Lamotte appartient au groupe ICIG. International Chemicals investor group est une soci\u00e9t\u00e9 d\u2019investissement priv\u00e9 et familiale.<\/strong><\/p>\n<p>[\/vc_column_text][vc_column_text css_animation=\u00a0\u00bbfadeIn\u00a0\u00bb]<\/p>\n<p style=\"text-align: center;\">WeylChem Lamotte est le propri\u00e9taire et l\u2019exploitant principal de la Plateforme industrielle de Lamotte (ex site Clariant). Ce site est implant\u00e9 depuis 1896 soit plus de 120 ans et est actuellement compos\u00e9 de 5 entreprises (Merck, PQ Europe, Archroma, Cell Alternativ, Weylchem Lamotte) dont 4 disposent d\u2019ateliers de fabrication.<\/p>\n<p style=\"text-align: center;\">Avec pr\u00e8s de 1\u00a0000 emplois concern\u00e9s, le site est un acteur majeur de l\u2019\u00e9conomie locale. Pour sa part, WeylChem Lamotte emploie directement plus de 440 personnes, dont l\u2019anciennet\u00e9 moyenne est autour de 22 ans, et verse chaque ann\u00e9e au niveau r\u00e9gional et local plus de 2,5 millions d\u2019Euros de taxes de production.<\/p>\n<p>[\/vc_column_text][vc_empty_space][\/vc_column][\/vc_row][\/vc_section][vc_section full_height=\u00a0\u00bbyes\u00a0\u00bb content_placement=\u00a0\u00bbmiddle\u00a0\u00bb css=\u00a0\u00bb.vc_custom_1498035770431{margin-bottom: 40px !important;}\u00a0\u00bb][vc_row type=\u00a0\u00bbvc_default\u00a0\u00bb full_width=\u00a0\u00bbstretch_row\u00a0\u00bb equal_height=\u00a0\u00bbyes\u00a0\u00bb content_placement=\u00a0\u00bbmiddle\u00a0\u00bb css=\u00a0\u00bb.vc_custom_1498033685312{margin-bottom: 0px !important;padding-bottom: 0px !important;}\u00a0\u00bb][vc_column width=\u00a0\u00bb1\/2&Prime; animation=\u00a0\u00bbfadeInLeft\u00a0\u00bb css=\u00a0\u00bb.vc_custom_1498035111263{margin-right: 20px !important;margin-left: 20px !important;}\u00a0\u00bb][vc_custom_heading text=\u00a0\u00bbLa s\u00e9curit\u00e9 et l\u2019environnement comme priorit\u00e9.\u00a0\u00bb font_container=\u00a0\u00bbtag:h2|text_align:center\u00a0\u00bb use_theme_fonts=\u00a0\u00bbyes\u00a0\u00bb][vc_column_text]<\/p>\n<p style=\"text-align: center;\">La prise en compte des aspects s\u00e9curit\u00e9 et la protection de l\u2019environnement commence d\u00e8s la conception des produits et des installations.<\/p>\n<p style=\"text-align: center;\">Un service Interne agr\u00e9\u00e9 par l\u2019administration garantit le bon \u00e9tat des appareils sous pression.<\/p>\n<p style=\"text-align: center;\">Le site est class\u00e9 \u00ab\u00a0Seveso seuil haut\u00a0\u00bb du fait de l\u2019utilisation de certains produits toxiques ou inflammables.<\/p>\n<p>[\/vc_column_text][vc_single_image image=\u00a0\u00bb100&Prime; img_size=\u00a0\u00bbmedium\u00a0\u00bb alignment=\u00a0\u00bbcenter\u00a0\u00bb image_hovers=\u00a0\u00bbfalse\u00a0\u00bb lazy_loading=\u00a0\u00bbtrue\u00a0\u00bb][vc_empty_space][vc_empty_space][\/vc_column][vc_column width=\u00a0\u00bb1\/2&Prime; css=\u00a0\u00bb.vc_custom_1498031670956{margin-left: 0px !important;padding-left: 0px !important;}\u00a0\u00bb][vc_single_image image=\u00a0\u00bb943&Prime; img_size=\u00a0\u00bbfull\u00a0\u00bb alignment=\u00a0\u00bbcenter\u00a0\u00bb css_animation=\u00a0\u00bbfadeIn\u00a0\u00bb css=\u00a0\u00bb.vc_custom_1504100624697{margin-bottom: 0px !important;padding-bottom: 0px !important;}\u00a0\u00bb][\/vc_column][\/vc_row][vc_row type=\u00a0\u00bbvc_default\u00a0\u00bb full_width=\u00a0\u00bbstretch_row\u00a0\u00bb equal_height=\u00a0\u00bbyes\u00a0\u00bb content_placement=\u00a0\u00bbmiddle\u00a0\u00bb css=\u00a0\u00bb.vc_custom_1620221270118{margin-bottom: 0px !important;padding-bottom: 0px !important;}\u00a0\u00bb][vc_column width=\u00a0\u00bb1\/2&Prime; animation=\u00a0\u00bbfadeInLeft\u00a0\u00bb css=\u00a0\u00bb.vc_custom_1498035371899{margin-right: 20px !important;margin-left: 20px !important;}\u00a0\u00bb][vc_single_image image=\u00a0\u00bb733&Prime; img_size=\u00a0\u00bbfull\u00a0\u00bb alignment=\u00a0\u00bbcenter\u00a0\u00bb css_animation=\u00a0\u00bbfadeIn\u00a0\u00bb css=\u00a0\u00bb.vc_custom_1501661303399{margin-bottom: 0px !important;padding-bottom: 0px !important;}\u00a0\u00bb][\/vc_column][vc_column width=\u00a0\u00bb1\/2&Prime; css=\u00a0\u00bb.vc_custom_1498031670956{margin-left: 0px !important;padding-left: 0px !important;}\u00a0\u00bb][vc_column_text css_animation=\u00a0\u00bbfadeIn\u00a0\u00bb]<\/p>\n<p style=\"text-align: center;\">L\u2019usine dispose d\u2019une station biologique de traitement des eaux de capacit\u00e9 \u00e9quivalente \u00e0 une station urbaine pour 300\u00a0000 habitants, r\u00e9compens\u00e9e par l\u2019Agence de l\u2019Eau Seine Normandie. Un m\u00e9thaniseur transforme en biogaz, br\u00fbl\u00e9 en chaudi\u00e8re, une partie des eaux r\u00e9siduaires ainsi transform\u00e9es en \u00e9nergie.<\/p>\n<p>[\/vc_column_text][\/vc_column][\/vc_row][\/vc_section][vc_section][vc_row][vc_column][vc_empty_space][vc_custom_heading text=\u00a0\u00bbLes acteurs de la plateforme\u00a0\u00bb font_container=\u00a0\u00bbtag:h2|text_align:center|color:%231e73be\u00a0\u00bb use_theme_fonts=\u00a0\u00bbyes\u00a0\u00bb css=\u00a0\u00bb.vc_custom_1498040157791{margin-bottom: 30px !important;}\u00a0\u00bb][vc_column_text css_animation=\u00a0\u00bbfadeIn\u00a0\u00bb]<\/p>\n<p style=\"text-align: center;\"><strong>Les 5 acteurs sont fortement int\u00e9gr\u00e9s avec des partenaires locaux.<\/strong><\/p>\n<p>[\/vc_column_text][\/vc_column][\/vc_row][vc_row type=\u00a0\u00bbvc_default\u00a0\u00bb equal_height=\u00a0\u00bbyes\u00a0\u00bb content_placement=\u00a0\u00bbmiddle\u00a0\u00bb][vc_column width=\u00a0\u00bb1\/5&Prime;][vc_single_image image=\u00a0\u00bb1544&Prime; img_size=\u00a0\u00bbfull\u00a0\u00bb onclick=\u00a0\u00bbcustom_link\u00a0\u00bb img_link_target=\u00a0\u00bb_blank\u00a0\u00bb link=\u00a0\u00bbhttps:\/\/www.lamotte-industrial-park.com\/fr\/weylchem-lamotte-2\/\u00a0\u00bb][\/vc_column][vc_column width=\u00a0\u00bb1\/5&Prime;][vc_single_image image=\u00a0\u00bb151&Prime; img_size=\u00a0\u00bbfull\u00a0\u00bb alignment=\u00a0\u00bbcenter\u00a0\u00bb onclick=\u00a0\u00bbcustom_link\u00a0\u00bb img_link_target=\u00a0\u00bb_blank\u00a0\u00bb css_animation=\u00a0\u00bbfadeIn\u00a0\u00bb lazy_loading=\u00a0\u00bbtrue\u00a0\u00bb link=\u00a0\u00bbhttps:\/\/www.archroma.com\/\u00a0\u00bb][\/vc_column][vc_column width=\u00a0\u00bb1\/5&Prime;][vc_single_image image=\u00a0\u00bb963&Prime; img_size=\u00a0\u00bbfull\u00a0\u00bb alignment=\u00a0\u00bbcenter\u00a0\u00bb onclick=\u00a0\u00bbcustom_link\u00a0\u00bb img_link_target=\u00a0\u00bb_blank\u00a0\u00bb css_animation=\u00a0\u00bbfadeIn\u00a0\u00bb lazy_loading=\u00a0\u00bbtrue\u00a0\u00bb link=\u00a0\u00bbhttps:\/\/www.pqcorp.com\/#:~:text=PQ%20Corporation%20enables%20environmental%20improvements%20and%20enhances%20everyday,products%20you%20use%20every%20day%20more%20environmentally%20friendly.\u00a0\u00bb][\/vc_column][vc_column width=\u00a0\u00bb1\/5&Prime;][vc_single_image image=\u00a0\u00bb1535&Prime; img_size=\u00a0\u00bbfull\u00a0\u00bb onclick=\u00a0\u00bbcustom_link\u00a0\u00bb img_link_target=\u00a0\u00bb_blank\u00a0\u00bb link=\u00a0\u00bbhttps:\/\/www.merckgroup.com\/en\u00a0\u00bb][\/vc_column][vc_column width=\u00a0\u00bb1\/5&Prime;][vc_single_image image=\u00a0\u00bb1333&Prime; img_size=\u00a0\u00bbfull\u00a0\u00bb alignment=\u00a0\u00bbcenter\u00a0\u00bb onclick=\u00a0\u00bbcustom_link\u00a0\u00bb img_link_target=\u00a0\u00bb_blank\u00a0\u00bb css_animation=\u00a0\u00bbfadeIn\u00a0\u00bb lazy_loading=\u00a0\u00bbtrue\u00a0\u00bb link=\u00a0\u00bbhttps:\/\/cell-alternativ.fr\/#:~:text=Cell%20Alternativ%20aide%20les%20industriels%20dans%20le%20d%C3%A9veloppement%2C,votre%20disposition%20pour%20r%C3%A9pondre%20sp%C3%A9cifiquement%20%C3%A0%20vos%20besoins\u00a0\u00bb][\/vc_column][\/vc_row][vc_row type=\u00a0\u00bbvc_default\u00a0\u00bb css=\u00a0\u00bb.vc_custom_1498046423424{margin-top: 20px !important;margin-bottom: 20px !important;}\u00a0\u00bb][vc_column][vc_column_text css_animation=\u00a0\u00bbfadeIn\u00a0\u00bb]<\/p>\n<p style=\"text-align: center;\">S\u2019appuyant sur le partenariat avec France Chimie, la plateforme b\u00e9n\u00e9ficie d\u2019une expertise unique et d\u2019un ensemble de services adapt\u00e9s. Etant Adh\u00e9rent \u00e9galement du P\u00f4le IAR, partenaire de l\u2019Universit\u00e9 Technologique de Compi\u00e8gne, l\u2019Ecole Sup\u00e9rieure de Chimie Organique, l\u2019ancrage territorial et le d\u00e9veloppement du dialogue avec les acteurs locaux sont des enjeux essentiels pour la plateforme qui souhaite rester un acteur important du d\u00e9veloppement \u00e9conomique local.<\/p>\n<p>[\/vc_column_text][\/vc_column][\/vc_row][vc_row type=\u00a0\u00bbvc_default\u00a0\u00bb equal_height=\u00a0\u00bbyes\u00a0\u00bb content_placement=\u00a0\u00bbmiddle\u00a0\u00bb][vc_column width=\u00a0\u00bb1\/4&Prime;][\/vc_column][vc_column width=\u00a0\u00bb1\/4&Prime;][vc_single_image image=\u00a0\u00bb1160&Prime; img_size=\u00a0\u00bbfull\u00a0\u00bb alignment=\u00a0\u00bbcenter\u00a0\u00bb onclick=\u00a0\u00bbcustom_link\u00a0\u00bb css_animation=\u00a0\u00bbfadeIn\u00a0\u00bb link=\u00a0\u00bbhttps:\/\/www.francechimie.fr\/\u00a0\u00bb][\/vc_column][vc_column width=\u00a0\u00bb1\/4&Prime;][vc_single_image image=\u00a0\u00bb2365&Prime; alignment=\u00a0\u00bbcenter\u00a0\u00bb onclick=\u00a0\u00bbcustom_link\u00a0\u00bb css_animation=\u00a0\u00bbfadeIn\u00a0\u00bb link=\u00a0\u00bbhttps:\/\/www.bioeconomyforchange.eu\/\u00a0\u00bb][\/vc_column][\/vc_row][\/vc_section]<\/p>\n<\/div>","protected":false},"excerpt":{"rendered":"<p>[vc_section][vc_row][vc_column][vc_empty_space][vc_column_text css_animation=\u00a0\u00bbfadeIn\u00a0\u00bb] Depuis le 1er\u00a0Janvier 2014, le site de Lamotte appartient au groupe ICIG. International Chemicals investor group est une soci\u00e9t\u00e9 d\u2019investissement priv\u00e9 et familiale. [\/vc_column_text][vc_column_text css_animation=\u00a0\u00bbfadeIn\u00a0\u00bb] WeylChem Lamotte est le propri\u00e9taire et l\u2019exploitant principal de la Plateforme industrielle de Lamotte (ex site Clariant). Ce site est implant\u00e9 depuis 1896 soit plus de 120 ans&hellip;<\/p>\n","protected":false},"author":1,"featured_media":0,"parent":0,"menu_order":0,"comment_status":"closed","ping_status":"closed","template":"","meta":{"rs_blank_template":"","rs_page_bg_color":"","slide_template_v7":"","footnotes":""},"class_list":["post-795","page","type-page","status-publish","hentry","description-off"],"_links":{"self":[{"href":"https:\/\/www.lamotte-industrial-park.com\/fr\/wp-json\/wp\/v2\/pages\/795","targetHints":{"allow":["GET"]}}],"collection":[{"href":"https:\/\/www.lamotte-industrial-park.com\/fr\/wp-json\/wp\/v2\/pages"}],"about":[{"href":"https:\/\/www.lamotte-industrial-park.com\/fr\/wp-json\/wp\/v2\/types\/page"}],"author":[{"embeddable":true,"href":"https:\/\/www.lamotte-industrial-park.com\/fr\/wp-json\/wp\/v2\/users\/1"}],"replies":[{"embeddable":true,"href":"https:\/\/www.lamotte-industrial-park.com\/fr\/wp-json\/wp\/v2\/comments?post=795"}],"version-history":[{"count":50,"href":"https:\/\/www.lamotte-industrial-park.com\/fr\/wp-json\/wp\/v2\/pages\/795\/revisions"}],"predecessor-version":[{"id":2376,"href":"https:\/\/www.lamotte-industrial-park.com\/fr\/wp-json\/wp\/v2\/pages\/795\/revisions\/2376"}],"wp:attachment":[{"href":"https:\/\/www.lamotte-industrial-park.com\/fr\/wp-json\/wp\/v2\/media?parent=795"}],"curies":[{"name":"wp","href":"https:\/\/api.w.org\/{rel}","templated":true}]}}