{"id":641,"date":"2017-08-01T08:37:44","date_gmt":"2017-08-01T08:37:44","guid":{"rendered":"https:\/\/www.lamotte-industrial-park.com\/services-proposes\/"},"modified":"2021-05-27T09:26:16","modified_gmt":"2021-05-27T09:26:16","slug":"services-proposes","status":"publish","type":"page","link":"https:\/\/www.lamotte-industrial-park.com\/fr\/services-proposes\/","title":{"rendered":"Services propos\u00e9s"},"content":{"rendered":"<div class=\"wpb-content-wrapper\"><p>[vc_row][vc_column][vc_single_image image=\u00a0\u00bb1972&Prime; img_size=\u00a0\u00bbfull\u00a0\u00bb alignment=\u00a0\u00bbcenter\u00a0\u00bb][\/vc_column][\/vc_row][vc_row type=\u00a0\u00bbvc_default\u00a0\u00bb equal_height=\u00a0\u00bbyes\u00a0\u00bb content_placement=\u00a0\u00bbtop\u00a0\u00bb][vc_column width=\u00a0\u00bb1\/12&Prime;][vc_icon icon_fontawesome=\u00a0\u00bbfa fa-stethoscope\u00a0\u00bb color=\u00a0\u00bbcustom\u00a0\u00bb size=\u00a0\u00bbxl\u00a0\u00bb align=\u00a0\u00bbcenter\u00a0\u00bb custom_color=\u00a0\u00bb#1e73be\u00a0\u00bb css=\u00a0\u00bb.vc_custom_1501510317553{padding-top: 10px !important;}\u00a0\u00bb][\/vc_column][vc_column width=\u00a0\u00bb11\/12&Prime;][vc_custom_heading text=\u00a0\u00bbService m\u00e9dical\u00a0\u00bb font_container=\u00a0\u00bbtag:h2|text_align:left|color:%231e73be\u00a0\u00bb use_theme_fonts=\u00a0\u00bbyes\u00a0\u00bb][vc_column_text]Avec 2 infirmi\u00e8res et 1 m\u00e9decin, nous fournissons des services complets pour garantir un suivi m\u00e9dical de nos employ\u00e9s ainsi qu\u2019une premi\u00e8re aide d&rsquo;urgence.[\/vc_column_text][\/vc_column][\/vc_row][vc_row type=\u00a0\u00bbvc_default\u00a0\u00bb equal_height=\u00a0\u00bbyes\u00a0\u00bb content_placement=\u00a0\u00bbtop\u00a0\u00bb][vc_column width=\u00a0\u00bb1\/12&Prime;][vc_icon icon_fontawesome=\u00a0\u00bbfa fa-fire-extinguisher\u00a0\u00bb color=\u00a0\u00bbcustom\u00a0\u00bb size=\u00a0\u00bbxl\u00a0\u00bb align=\u00a0\u00bbcenter\u00a0\u00bb custom_color=\u00a0\u00bb#1e73be\u00a0\u00bb css=\u00a0\u00bb.vc_custom_1501510425647{padding-top: 10px !important;}\u00a0\u00bb][\/vc_column][vc_column width=\u00a0\u00bb11\/12&Prime;][vc_custom_heading text=\u00a0\u00bbService de s\u00e9curit\u00e9 et d&rsquo;incendie\u00a0\u00bb font_container=\u00a0\u00bbtag:h2|text_align:left|color:%231e73be\u00a0\u00bb use_theme_fonts=\u00a0\u00bbyes\u00a0\u00bb][vc_column_text]Un service de 8 pompiers professionnels prot\u00e8ge les activit\u00e9s en permanence, renforc\u00e9 par plus de 35 pompiers volontaires, \u00e9quip\u00e9s de moyens de protection modernes qui r\u00e9pondent aux exigences d&rsquo;un site class\u00e9 SEVESO seuil haut.[\/vc_column_text][\/vc_column][\/vc_row][vc_row type=\u00a0\u00bbvc_default\u00a0\u00bb equal_height=\u00a0\u00bbyes\u00a0\u00bb content_placement=\u00a0\u00bbtop\u00a0\u00bb][vc_column width=\u00a0\u00bb1\/12&Prime;][vc_icon icon_fontawesome=\u00a0\u00bbfa fa-wrench\u00a0\u00bb color=\u00a0\u00bbcustom\u00a0\u00bb size=\u00a0\u00bbxl\u00a0\u00bb align=\u00a0\u00bbcenter\u00a0\u00bb custom_color=\u00a0\u00bb#1e73be\u00a0\u00bb css=\u00a0\u00bb.vc_custom_1501510465640{padding-top: 10px !important;}\u00a0\u00bb][\/vc_column][vc_column width=\u00a0\u00bb11\/12&Prime;][vc_custom_heading text=\u00a0\u00bbMaintenance\u00a0\u00bb font_container=\u00a0\u00bbtag:h2|text_align:left|color:%231e73be\u00a0\u00bb use_theme_fonts=\u00a0\u00bbyes\u00a0\u00bb][vc_column_text]Avec des techniciens sp\u00e9cialis\u00e9s, nous assurons une maintenance professionnelle pour assurer la continuit\u00e9 de la production. En utilisant les outils TPM, nous appliquons une maintenance pr\u00e9ventive conforme \u00e0 la sp\u00e9cificit\u00e9 chimique. Notre d\u00e9partement d&rsquo;ing\u00e9nierie m\u00e8ne et met en \u0153uvre des projets de nouvelles installations avec des technologies \u00e0 la pointe.[\/vc_column_text][\/vc_column][\/vc_row][vc_row type=\u00a0\u00bbvc_default\u00a0\u00bb equal_height=\u00a0\u00bbyes\u00a0\u00bb content_placement=\u00a0\u00bbtop\u00a0\u00bb][vc_column width=\u00a0\u00bb1\/12&Prime;][vc_icon icon_fontawesome=\u00a0\u00bbfa fa-cutlery\u00a0\u00bb color=\u00a0\u00bbcustom\u00a0\u00bb size=\u00a0\u00bbxl\u00a0\u00bb align=\u00a0\u00bbcenter\u00a0\u00bb custom_color=\u00a0\u00bb#1e73be\u00a0\u00bb css=\u00a0\u00bb.vc_custom_1501510538528{padding-top: 10px !important;}\u00a0\u00bb][\/vc_column][vc_column width=\u00a0\u00bb11\/12&Prime;][vc_custom_heading text=\u00a0\u00bbRestaurant de l&rsquo;entreprise\u00a0\u00bb font_container=\u00a0\u00bbtag:h2|text_align:left|color:%231e73be\u00a0\u00bb use_theme_fonts=\u00a0\u00bbyes\u00a0\u00bb][vc_column_text]La plateforme dispose d\u2019un restaurant dont la gestion est confi\u00e9e \u00e0 une soci\u00e9t\u00e9 de services de restauration collective qui propose des plats vari\u00e9s et \u00e9quilibr\u00e9s.[\/vc_column_text][\/vc_column][\/vc_row][vc_row type=\u00a0\u00bbvc_default\u00a0\u00bb equal_height=\u00a0\u00bbyes\u00a0\u00bb content_placement=\u00a0\u00bbtop\u00a0\u00bb][vc_column width=\u00a0\u00bb1\/12&Prime;][vc_icon icon_fontawesome=\u00a0\u00bbfa fa-laptop\u00a0\u00bb color=\u00a0\u00bbcustom\u00a0\u00bb size=\u00a0\u00bbxl\u00a0\u00bb align=\u00a0\u00bbcenter\u00a0\u00bb custom_color=\u00a0\u00bb#1e73be\u00a0\u00bb css=\u00a0\u00bb.vc_custom_1501510613912{padding-top: 10px !important;}\u00a0\u00bb][\/vc_column][vc_column width=\u00a0\u00bb11\/12&Prime;][vc_custom_heading text=\u00a0\u00bbSyst\u00e8me d\u2019Information\u00a0\u00bb font_container=\u00a0\u00bbtag:h2|text_align:left|color:%231e73be\u00a0\u00bb use_theme_fonts=\u00a0\u00bbyes\u00a0\u00bb][vc_column_text]Equip\u00e9e d&rsquo;une connexion haut d\u00e9bit (fibre optique), nos professionnels de l&rsquo;informatique peuvent vous soutenir pour toutes installations ou projet SI.[\/vc_column_text][\/vc_column][\/vc_row][vc_row type=\u00a0\u00bbvc_default\u00a0\u00bb equal_height=\u00a0\u00bbyes\u00a0\u00bb content_placement=\u00a0\u00bbtop\u00a0\u00bb][vc_column width=\u00a0\u00bb1\/12&Prime;][vc_icon icon_fontawesome=\u00a0\u00bbfa fa-shopping-cart\u00a0\u00bb color=\u00a0\u00bbcustom\u00a0\u00bb size=\u00a0\u00bbxl\u00a0\u00bb align=\u00a0\u00bbcenter\u00a0\u00bb custom_color=\u00a0\u00bb#1e73be\u00a0\u00bb css=\u00a0\u00bb.vc_custom_1501511024505{padding-top: 10px !important;}\u00a0\u00bb][\/vc_column][vc_column width=\u00a0\u00bb11\/12&Prime;][vc_custom_heading text=\u00a0\u00bbEntrep\u00f4t \/ Logistique \u00a0\u00bb font_container=\u00a0\u00bbtag:h2|text_align:left|color:%231e73be\u00a0\u00bb use_theme_fonts=\u00a0\u00bbyes\u00a0\u00bb][vc_column_text]Moderne, le magasin logistique, exploit\u00e9 par une soci\u00e9t\u00e9 professionnelle, fournit 10 000 m2 de stockage.[\/vc_column_text][\/vc_column][\/vc_row][vc_row type=\u00a0\u00bbvc_default\u00a0\u00bb equal_height=\u00a0\u00bbyes\u00a0\u00bb content_placement=\u00a0\u00bbtop\u00a0\u00bb][vc_column width=\u00a0\u00bb1\/12&Prime;][vc_icon icon_fontawesome=\u00a0\u00bbfa fa-trash-o\u00a0\u00bb color=\u00a0\u00bbcustom\u00a0\u00bb size=\u00a0\u00bbxl\u00a0\u00bb align=\u00a0\u00bbcenter\u00a0\u00bb custom_color=\u00a0\u00bb#1e73be\u00a0\u00bb css=\u00a0\u00bb.vc_custom_1501511118056{padding-top: 10px !important;}\u00a0\u00bb][\/vc_column][vc_column width=\u00a0\u00bb11\/12&Prime;][vc_custom_heading text=\u00a0\u00bbTraitement des eaux us\u00e9es\u00a0\u00bb font_container=\u00a0\u00bbtag:h2|text_align:left|color:%231e73be\u00a0\u00bb use_theme_fonts=\u00a0\u00bbyes\u00a0\u00bb][vc_column_text]Le traitement des eaux us\u00e9es biologiques garantit la maitrise de l\u2019impact environnemental de la plate-forme industrielle. La capacit\u00e9 est \u00e9quivalente \u00e0 une usine d\u2019eaux us\u00e9es urbaines de 300 000 habitants.[\/vc_column_text][\/vc_column][\/vc_row][vc_row type=\u00a0\u00bbvc_default\u00a0\u00bb equal_height=\u00a0\u00bbyes\u00a0\u00bb content_placement=\u00a0\u00bbtop\u00a0\u00bb][vc_column width=\u00a0\u00bb1\/12&Prime;][vc_icon icon_fontawesome=\u00a0\u00bbfa fa-flask\u00a0\u00bb color=\u00a0\u00bbcustom\u00a0\u00bb size=\u00a0\u00bbxl\u00a0\u00bb align=\u00a0\u00bbcenter\u00a0\u00bb custom_color=\u00a0\u00bb#1e73be\u00a0\u00bb css=\u00a0\u00bb.vc_custom_1501511145640{padding-top: 10px !important;}\u00a0\u00bb][\/vc_column][vc_column width=\u00a0\u00bb11\/12&Prime;][vc_custom_heading text=\u00a0\u00bbLaboratoire d&rsquo;analyse avec un \u00e9quipement de haute technologie, p.ex. NMR, MS, HPLC\u00a0\u00bb font_container=\u00a0\u00bbtag:h2|text_align:left|color:%231e73be\u00a0\u00bb use_theme_fonts=\u00a0\u00bbyes\u00a0\u00bb][vc_column_text]Le mat\u00e9riel d\u2019analyse de haute technologie et automatis\u00e9 apporte un soutien aux activit\u00e9s de R&amp;D ainsi qu\u2019aux besoins de contr\u00f4le des op\u00e9rations de fabrication.[\/vc_column_text][\/vc_column][\/vc_row][vc_row type=\u00a0\u00bbvc_default\u00a0\u00bb equal_height=\u00a0\u00bbyes\u00a0\u00bb content_placement=\u00a0\u00bbtop\u00a0\u00bb][vc_column width=\u00a0\u00bb1\/12&Prime;][vc_icon icon_fontawesome=\u00a0\u00bbfa fa-bolt\u00a0\u00bb color=\u00a0\u00bbcustom\u00a0\u00bb size=\u00a0\u00bbxl\u00a0\u00bb align=\u00a0\u00bbcenter\u00a0\u00bb custom_color=\u00a0\u00bb#1e73be\u00a0\u00bb css=\u00a0\u00bb.vc_custom_1501511169984{padding-top: 10px !important;}\u00a0\u00bb][\/vc_column][vc_column width=\u00a0\u00bb11\/12&Prime;][vc_custom_heading text=\u00a0\u00bbEnergie et services publics (\u00e9lectricit\u00e9, azote, air comprim\u00e9, gaz, eau d\u00e9sionis\u00e9e, vapeur)\u00a0\u00bb font_container=\u00a0\u00bbtag:h2|text_align:left|color:%231e73be\u00a0\u00bb use_theme_fonts=\u00a0\u00bbyes\u00a0\u00bb][vc_column_text]Un ensemble complet d\u2019\u00e9nergies et d\u2019utilit\u00e9s fiables est disponible pour permettre la production chimique.[\/vc_column_text][\/vc_column][\/vc_row][vc_row type=\u00a0\u00bbvc_default\u00a0\u00bb equal_height=\u00a0\u00bbyes\u00a0\u00bb content_placement=\u00a0\u00bbtop\u00a0\u00bb][vc_column width=\u00a0\u00bb1\/12&Prime;][vc_icon icon_fontawesome=\u00a0\u00bbfa fa-trophy\u00a0\u00bb color=\u00a0\u00bbcustom\u00a0\u00bb size=\u00a0\u00bbxl\u00a0\u00bb align=\u00a0\u00bbcenter\u00a0\u00bb custom_color=\u00a0\u00bb#1e73be\u00a0\u00bb css=\u00a0\u00bb.vc_custom_1501511193040{padding-top: 10px !important;}\u00a0\u00bb][\/vc_column][vc_column width=\u00a0\u00bb11\/12&Prime;][vc_custom_heading text=\u00a0\u00bbService d&rsquo;inspection (reconnu par les autorit\u00e9s fran\u00e7aises)\u00a0\u00bb font_container=\u00a0\u00bbtag:h2|text_align:left|color:%231e73be\u00a0\u00bb use_theme_fonts=\u00a0\u00bbyes\u00a0\u00bb][vc_column_text]Reconnu et certifi\u00e9 pour les \u00e9quipements sous pression, il vous fournira un service flexible \u00ab\u00e0 la carte\u00bb pour vous permettre de vous concentrer sur votre processus de production.[\/vc_column_text][\/vc_column][\/vc_row][vc_row type=\u00a0\u00bbvc_default\u00a0\u00bb equal_height=\u00a0\u00bbyes\u00a0\u00bb content_placement=\u00a0\u00bbtop\u00a0\u00bb][vc_column width=\u00a0\u00bb1\/12&Prime;][vc_icon icon_fontawesome=\u00a0\u00bbfa fa-building-o\u00a0\u00bb color=\u00a0\u00bbcustom\u00a0\u00bb size=\u00a0\u00bbxl\u00a0\u00bb align=\u00a0\u00bbcenter\u00a0\u00bb custom_color=\u00a0\u00bb#1e73be\u00a0\u00bb css=\u00a0\u00bb.vc_custom_1501511221057{padding-top: 10px !important;}\u00a0\u00bb][\/vc_column][vc_column width=\u00a0\u00bb11\/12&Prime;][vc_custom_heading text=\u00a0\u00bbLocation de b\u00e2timents, de salles de r\u00e9union et de conf\u00e9rence\u00a0\u00bb font_container=\u00a0\u00bbtag:h2|text_align:left|color:%231e73be\u00a0\u00bb use_theme_fonts=\u00a0\u00bbyes\u00a0\u00bb][vc_column_text]Plus de 15 hectares ainsi que quelques laboratoires et bureaux sont \u00e0 votre disposition pour vous aider \u00e0 acc\u00e9l\u00e9rer le lancement de nouvelles activit\u00e9s.[\/vc_column_text][\/vc_column][\/vc_row]<\/p>\n<\/div>","protected":false},"excerpt":{"rendered":"<p>[vc_row][vc_column][vc_single_image image=\u00a0\u00bb1972&Prime; img_size=\u00a0\u00bbfull\u00a0\u00bb alignment=\u00a0\u00bbcenter\u00a0\u00bb][\/vc_column][\/vc_row][vc_row type=\u00a0\u00bbvc_default\u00a0\u00bb equal_height=\u00a0\u00bbyes\u00a0\u00bb content_placement=\u00a0\u00bbtop\u00a0\u00bb][vc_column width=\u00a0\u00bb1\/12&Prime;][vc_icon icon_fontawesome=\u00a0\u00bbfa fa-stethoscope\u00a0\u00bb color=\u00a0\u00bbcustom\u00a0\u00bb size=\u00a0\u00bbxl\u00a0\u00bb align=\u00a0\u00bbcenter\u00a0\u00bb custom_color=\u00a0\u00bb#1e73be\u00a0\u00bb css=\u00a0\u00bb.vc_custom_1501510317553{padding-top: 10px !important;}\u00a0\u00bb][\/vc_column][vc_column width=\u00a0\u00bb11\/12&Prime;][vc_custom_heading text=\u00a0\u00bbService m\u00e9dical\u00a0\u00bb font_container=\u00a0\u00bbtag:h2|text_align:left|color:%231e73be\u00a0\u00bb use_theme_fonts=\u00a0\u00bbyes\u00a0\u00bb][vc_column_text]Avec 2 infirmi\u00e8res et 1 m\u00e9decin, nous fournissons des services complets pour garantir un suivi m\u00e9dical de nos employ\u00e9s ainsi qu\u2019une premi\u00e8re aide d&rsquo;urgence.[\/vc_column_text][\/vc_column][\/vc_row][vc_row type=\u00a0\u00bbvc_default\u00a0\u00bb equal_height=\u00a0\u00bbyes\u00a0\u00bb content_placement=\u00a0\u00bbtop\u00a0\u00bb][vc_column width=\u00a0\u00bb1\/12&Prime;][vc_icon icon_fontawesome=\u00a0\u00bbfa fa-fire-extinguisher\u00a0\u00bb color=\u00a0\u00bbcustom\u00a0\u00bb size=\u00a0\u00bbxl\u00a0\u00bb align=\u00a0\u00bbcenter\u00a0\u00bb custom_color=\u00a0\u00bb#1e73be\u00a0\u00bb&hellip;<\/p>\n","protected":false},"author":1,"featured_media":0,"parent":0,"menu_order":0,"comment_status":"closed","ping_status":"closed","template":"","meta":{"rs_blank_template":"","rs_page_bg_color":"","slide_template_v7":"","footnotes":""},"class_list":["post-641","page","type-page","status-publish","hentry","description-off"],"_links":{"self":[{"href":"https:\/\/www.lamotte-industrial-park.com\/fr\/wp-json\/wp\/v2\/pages\/641","targetHints":{"allow":["GET"]}}],"collection":[{"href":"https:\/\/www.lamotte-industrial-park.com\/fr\/wp-json\/wp\/v2\/pages"}],"about":[{"href":"https:\/\/www.lamotte-industrial-park.com\/fr\/wp-json\/wp\/v2\/types\/page"}],"author":[{"embeddable":true,"href":"https:\/\/www.lamotte-industrial-park.com\/fr\/wp-json\/wp\/v2\/users\/1"}],"replies":[{"embeddable":true,"href":"https:\/\/www.lamotte-industrial-park.com\/fr\/wp-json\/wp\/v2\/comments?post=641"}],"version-history":[{"count":46,"href":"https:\/\/www.lamotte-industrial-park.com\/fr\/wp-json\/wp\/v2\/pages\/641\/revisions"}],"predecessor-version":[{"id":2266,"href":"https:\/\/www.lamotte-industrial-park.com\/fr\/wp-json\/wp\/v2\/pages\/641\/revisions\/2266"}],"wp:attachment":[{"href":"https:\/\/www.lamotte-industrial-park.com\/fr\/wp-json\/wp\/v2\/media?parent=641"}],"curies":[{"name":"wp","href":"https:\/\/api.w.org\/{rel}","templated":true}]}}