{"id":2468,"date":"2023-10-19T12:29:18","date_gmt":"2023-10-19T12:29:18","guid":{"rendered":"https:\/\/www.lamotte-industrial-park.com\/?page_id=2468"},"modified":"2023-10-26T13:40:11","modified_gmt":"2023-10-26T13:40:11","slug":"energie","status":"publish","type":"page","link":"https:\/\/www.lamotte-industrial-park.com\/fr\/hygiene-environnement-et-securite\/energie\/","title":{"rendered":"Energie"},"content":{"rendered":"<div class=\"wpb-content-wrapper\"><p>[vc_section][vc_row][vc_column][vc_empty_space height=\u00a0\u00bb50px\u00a0\u00bb][\/vc_column][\/vc_row][vc_row][vc_column width=\u00a0\u00bb2\/3&Prime;][vc_custom_heading text=\u00a0\u00bbProduction et consommation d\u2019\u00e9nergie\u00a0\u00bb font_container=\u00a0\u00bbtag:h3|font_size:35|text_align:left|color:%23c42d8a\u00a0\u00bb use_theme_fonts=\u00a0\u00bbyes\u00a0\u00bb][vc_column_text]WeylChem Lamotte est certifi\u00e9 ISO 50001. Cette norme internationale vise l\u2019am\u00e9lioration de la performance \u00e9nerg\u00e9tique. Elle a pour objectif de faire face \u00e0 la raret\u00e9 de l\u2019\u00e9nergie et \u00e0 son augmentation durable de prix, tout en contribuant \u00e0 la r\u00e9duction des \u00e9missions de gaz \u00e0 effet de serre.<\/p>\n<p>&nbsp;<\/p>\n<p>Quelles \u00e9nergies consomme la plateforme\u00a0:[\/vc_column_text][vc_single_image image=\u00a0\u00bb2163&Prime; img_size=\u00a0\u00bbfull\u00a0\u00bb alignment=\u00a0\u00bbcenter\u00a0\u00bb][vc_column_text]<\/p>\n<p style=\"text-align: center;\">Que repr\u00e9sente notre consommation d\u2019\u00e9nergie? Consommation plateforme = 31 530 tep (Tonnes Equivalent P\u00e9trole)<\/p>\n<p style=\"text-align: center;\">Cela correspond \u00e0 4 637 Am\u00e9ricains ou 8 522 Fran\u00e7ais par an.<\/p>\n<p>[\/vc_column_text][vc_custom_heading text=\u00a0\u00bbUne \u00e9nergie d\u00e9carbon\u00e9e \u00e0 60 % !\u00a0\u00bb font_container=\u00a0\u00bbtag:h3|font_size:35|text_align:left|color:%23c42d8a\u00a0\u00bb use_theme_fonts=\u00a0\u00bbyes\u00a0\u00bb][vc_column_text]La vapeur produite gr\u00e2ce \u00e0 la fabrication de l&rsquo;Acide Sulfurique et le biogaz produit \u00e0 la STEP sont neutres d\u2019un point de vue environnemental car issus d\u2019\u00e9nergies fatales. L\u2019\u00e9lectricit\u00e9 achet\u00e9e est une \u00e9lectricit\u00e9 d\u00e9carbon\u00e9e \u00e0 pr\u00e8s de 93 %.[\/vc_column_text][vc_custom_heading text=\u00a0\u00bbTransport des mati\u00e8res\u00a0\u00bb font_container=\u00a0\u00bbtag:h3|font_size:35|text_align:left|color:%23c42d8a\u00a0\u00bb use_theme_fonts=\u00a0\u00bbyes\u00a0\u00bb][vc_column_text]Le rythme de la production sur le site de WeylChem Lamotte conditionne les flux de marchandises qui entrent et sortent du site. Afin de limiter les risques industriels, le stockage de mati\u00e8res est optimis\u00e9 au maximum.<\/p>\n<p>Le site dispose d&rsquo;un embranchement ferroviaire priv\u00e9 et de plusieurs dessertes ferroviaires chaque semaine.<\/p>\n<p>Des mati\u00e8res transitent quotidiennement par camions.<\/p>\n<p>L\u2019un des objectifs du <strong>d\u00e9veloppement durable <\/strong>est de r\u00e9duire le trafic de certains produits en gagnant toujours plus d\u2019autonomie dans les cycles de production.[\/vc_column_text][vc_row_inner][vc_column_inner width=\u00a0\u00bb1\/3&Prime;][vc_icon icon_fontawesome=\u00a0\u00bbfa fa-truck\u00a0\u00bb color=\u00a0\u00bbcustom\u00a0\u00bb size=\u00a0\u00bbxl\u00a0\u00bb align=\u00a0\u00bbcenter\u00a0\u00bb custom_color=\u00a0\u00bb#c42d8a\u00a0\u00bb][vc_column_text]<\/p>\n<p style=\"text-align: center;\">80\u00a0camions par jour<\/p>\n<p style=\"text-align: center;\">(Jusqu&rsquo;\u00e0 2 000 tonnes)<\/p>\n<p>[\/vc_column_text][\/vc_column_inner][vc_column_inner width=\u00a0\u00bb1\/3&Prime;][vc_icon icon_fontawesome=\u00a0\u00bbfa fa-train\u00a0\u00bb color=\u00a0\u00bbcustom\u00a0\u00bb size=\u00a0\u00bbxl\u00a0\u00bb align=\u00a0\u00bbcenter\u00a0\u00bb custom_color=\u00a0\u00bb#c42d8a\u00a0\u00bb][vc_column_text]<\/p>\n<p style=\"text-align: center;\">1 train par jour<\/p>\n<p style=\"text-align: center;\">(Jusqu&rsquo;\u00e0 960 tonnes)<\/p>\n<p>[\/vc_column_text][\/vc_column_inner][\/vc_row_inner][\/vc_column][vc_column width=\u00a0\u00bb1\/3&Prime;][vc_single_image image=\u00a0\u00bb457&Prime; img_size=\u00a0\u00bbfull\u00a0\u00bb alignment=\u00a0\u00bbcenter\u00a0\u00bb image_hovers=\u00a0\u00bbfalse\u00a0\u00bb][\/vc_column][\/vc_row][\/vc_section]<\/p>\n<\/div>","protected":false},"excerpt":{"rendered":"<p>[vc_section][vc_row][vc_column][vc_empty_space height=\u00a0\u00bb50px\u00a0\u00bb][\/vc_column][\/vc_row][vc_row][vc_column width=\u00a0\u00bb2\/3&Prime;][vc_custom_heading text=\u00a0\u00bbProduction et consommation d\u2019\u00e9nergie\u00a0\u00bb font_container=\u00a0\u00bbtag:h3|font_size:35|text_align:left|color:%23c42d8a\u00a0\u00bb use_theme_fonts=\u00a0\u00bbyes\u00a0\u00bb][vc_column_text]WeylChem Lamotte est certifi\u00e9 ISO 50001. Cette norme internationale vise l\u2019am\u00e9lioration de la performance \u00e9nerg\u00e9tique. Elle a pour objectif de faire face \u00e0 la raret\u00e9 de l\u2019\u00e9nergie et \u00e0 son augmentation durable de prix, tout en contribuant \u00e0 la r\u00e9duction des \u00e9missions de gaz \u00e0 effet de&hellip;<\/p>\n","protected":false},"author":3,"featured_media":0,"parent":825,"menu_order":0,"comment_status":"closed","ping_status":"closed","template":"","meta":{"rs_blank_template":"","rs_page_bg_color":"","slide_template_v7":"","footnotes":""},"class_list":["post-2468","page","type-page","status-publish","hentry","description-off"],"_links":{"self":[{"href":"https:\/\/www.lamotte-industrial-park.com\/fr\/wp-json\/wp\/v2\/pages\/2468","targetHints":{"allow":["GET"]}}],"collection":[{"href":"https:\/\/www.lamotte-industrial-park.com\/fr\/wp-json\/wp\/v2\/pages"}],"about":[{"href":"https:\/\/www.lamotte-industrial-park.com\/fr\/wp-json\/wp\/v2\/types\/page"}],"author":[{"embeddable":true,"href":"https:\/\/www.lamotte-industrial-park.com\/fr\/wp-json\/wp\/v2\/users\/3"}],"replies":[{"embeddable":true,"href":"https:\/\/www.lamotte-industrial-park.com\/fr\/wp-json\/wp\/v2\/comments?post=2468"}],"version-history":[{"count":8,"href":"https:\/\/www.lamotte-industrial-park.com\/fr\/wp-json\/wp\/v2\/pages\/2468\/revisions"}],"predecessor-version":[{"id":2533,"href":"https:\/\/www.lamotte-industrial-park.com\/fr\/wp-json\/wp\/v2\/pages\/2468\/revisions\/2533"}],"up":[{"embeddable":true,"href":"https:\/\/www.lamotte-industrial-park.com\/fr\/wp-json\/wp\/v2\/pages\/825"}],"wp:attachment":[{"href":"https:\/\/www.lamotte-industrial-park.com\/fr\/wp-json\/wp\/v2\/media?parent=2468"}],"curies":[{"name":"wp","href":"https:\/\/api.w.org\/{rel}","templated":true}]}}