{"id":2009,"date":"2021-05-10T08:48:43","date_gmt":"2021-05-10T08:48:43","guid":{"rendered":"https:\/\/www.lamotte-industrial-park.com\/?page_id=2009"},"modified":"2021-05-20T09:11:22","modified_gmt":"2021-05-20T09:11:22","slug":"installez-vous-sur-la-plateforme-industrial-park","status":"publish","type":"page","link":"https:\/\/www.lamotte-industrial-park.com\/fr\/installez-vous-sur-la-plateforme-industrial-park\/","title":{"rendered":"Installez-vous sur la plateforme Industrial Park"},"content":{"rendered":"<div class=\"wpb-content-wrapper\"><p>[vc_row][vc_column][vc_column_text]<\/p>\n<h3 style=\"text-align: center;\">La plateforme est reconnue comme p\u00f4le de comp\u00e9tence pour accueillir de nouvelles soci\u00e9t\u00e9s<\/h3>\n<h3 style=\"text-align: center;\">et fait partie du Territoire d\u2019industrie du Grand Compi\u00e8gnois.<\/h3>\n<p>&nbsp;<\/p>\n<p style=\"text-align: center;\">15mn de Compi\u00e8gne, 80km de Paris.<\/p>\n<p style=\"text-align: center;\">600 personnes concentr\u00e9s sur l\u2019excellence op\u00e9rationnelle.<\/p>\n<p style=\"text-align: center;\">Des produits d\u00e9di\u00e9s \u00e0 la chimie, l\u2019agrochimie et la pharmacie.<\/p>\n<p style=\"text-align: center;\">Plus de 7 ha disponible pour accueillir des nouvelles soci\u00e9t\u00e9s.<\/p>\n<p>[\/vc_column_text][vc_row_inner][vc_column_inner width=\u00a0\u00bb1\/4&Prime;][\/vc_column_inner][vc_column_inner width=\u00a0\u00bb1\/2&Prime;][vc_single_image image=\u00a0\u00bb2033&Prime; img_size=\u00a0\u00bbfull\u00a0\u00bb][\/vc_column_inner][vc_column_inner width=\u00a0\u00bb1\/4&Prime;][\/vc_column_inner][\/vc_row_inner][vc_btn title=\u00a0\u00bbEn savoir plus sur les services propos\u00e9s par la plateforme\u00a0\u00bb align=\u00a0\u00bbcenter\u00a0\u00bb link=\u00a0\u00bburl:https%3A%2F%2Fwww.lamotte-industrial-park.com%2Ffr%2Fservices-proposes%2F|title:Services%20propos%C3%A9s||\u00a0\u00bb][vc_empty_space][vc_separator color=\u00a0\u00bbcustom\u00a0\u00bb border_width=\u00a0\u00bb4&Prime; accent_color=\u00a0\u00bb#1e73be\u00a0\u00bb][vc_row_inner equal_height=\u00a0\u00bbyes\u00a0\u00bb content_placement=\u00a0\u00bbmiddle\u00a0\u00bb][vc_column_inner width=\u00a0\u00bb1\/3&Prime;][vc_custom_heading text=\u00a0\u00bbEn ad\u00e9quation avec votre besoin :\u00a0\u00bb font_container=\u00a0\u00bbtag:h2|font_size:30|text_align:center\u00a0\u00bb use_theme_fonts=\u00a0\u00bbyes\u00a0\u00bb][vc_column_text css_animation=\u00a0\u00bbflipInX\u00a0\u00bb]<\/p>\n<h4><\/h4>\n<p style=\"text-align: center;\">7 hectares disponibles clef en main.<\/p>\n<p style=\"text-align: center;\">Toutes utilit\u00e9s disponibles : Eaux, Vapeur, STEP&#8230;<\/p>\n<p style=\"text-align: center;\">Tous services disponibles : S\u00fbret\u00e9, Maintenance\u2026<\/p>\n<p>[\/vc_column_text][\/vc_column_inner][vc_column_inner width=\u00a0\u00bb2\/3&Prime;][vc_single_image image=\u00a0\u00bb2021&Prime; img_size=\u00a0\u00bbfull\u00a0\u00bb alignment=\u00a0\u00bbcenter\u00a0\u00bb onclick=\u00a0\u00bbzoom\u00a0\u00bb][\/vc_column_inner][\/vc_row_inner][\/vc_column][\/vc_row][vc_row][vc_column][vc_separator color=\u00a0\u00bbcustom\u00a0\u00bb border_width=\u00a0\u00bb3&Prime; el_width=\u00a0\u00bb50&Prime; accent_color=\u00a0\u00bb#1e73be\u00a0\u00bb][vc_empty_space][vc_single_image image=\u00a0\u00bb2025&Prime; img_size=\u00a0\u00bbmedium\u00a0\u00bb alignment=\u00a0\u00bbcenter\u00a0\u00bb][vc_row_inner][vc_column_inner width=\u00a0\u00bb1\/2&Prime;][vc_single_image image=\u00a0\u00bb2027&Prime; img_size=\u00a0\u00bbfull\u00a0\u00bb alignment=\u00a0\u00bbcenter\u00a0\u00bb][\/vc_column_inner][vc_column_inner width=\u00a0\u00bb1\/2&Prime;][vc_single_image image=\u00a0\u00bb2029&Prime; img_size=\u00a0\u00bbfull\u00a0\u00bb alignment=\u00a0\u00bbcenter\u00a0\u00bb][\/vc_column_inner][\/vc_row_inner][\/vc_column][\/vc_row][vc_row][vc_column][\/vc_column][\/vc_row]<\/p>\n<\/div>","protected":false},"excerpt":{"rendered":"<p>[vc_row][vc_column][vc_column_text] La plateforme est reconnue comme p\u00f4le de comp\u00e9tence pour accueillir de nouvelles soci\u00e9t\u00e9s et fait partie du Territoire d\u2019industrie du Grand Compi\u00e8gnois. &nbsp; 15mn de Compi\u00e8gne, 80km de Paris. 600 personnes concentr\u00e9s sur l\u2019excellence op\u00e9rationnelle. Des produits d\u00e9di\u00e9s \u00e0 la chimie, l\u2019agrochimie et la pharmacie. Plus de 7 ha disponible pour accueillir des nouvelles&hellip;<\/p>\n","protected":false},"author":5,"featured_media":0,"parent":0,"menu_order":0,"comment_status":"closed","ping_status":"closed","template":"","meta":{"rs_blank_template":"","rs_page_bg_color":"","slide_template_v7":"","footnotes":""},"class_list":["post-2009","page","type-page","status-publish","hentry","description-off"],"_links":{"self":[{"href":"https:\/\/www.lamotte-industrial-park.com\/fr\/wp-json\/wp\/v2\/pages\/2009","targetHints":{"allow":["GET"]}}],"collection":[{"href":"https:\/\/www.lamotte-industrial-park.com\/fr\/wp-json\/wp\/v2\/pages"}],"about":[{"href":"https:\/\/www.lamotte-industrial-park.com\/fr\/wp-json\/wp\/v2\/types\/page"}],"author":[{"embeddable":true,"href":"https:\/\/www.lamotte-industrial-park.com\/fr\/wp-json\/wp\/v2\/users\/5"}],"replies":[{"embeddable":true,"href":"https:\/\/www.lamotte-industrial-park.com\/fr\/wp-json\/wp\/v2\/comments?post=2009"}],"version-history":[{"count":10,"href":"https:\/\/www.lamotte-industrial-park.com\/fr\/wp-json\/wp\/v2\/pages\/2009\/revisions"}],"predecessor-version":[{"id":2013,"href":"https:\/\/www.lamotte-industrial-park.com\/fr\/wp-json\/wp\/v2\/pages\/2009\/revisions\/2013"}],"wp:attachment":[{"href":"https:\/\/www.lamotte-industrial-park.com\/fr\/wp-json\/wp\/v2\/media?parent=2009"}],"curies":[{"name":"wp","href":"https:\/\/api.w.org\/{rel}","templated":true}]}}