{"id":1887,"date":"2021-05-10T08:58:15","date_gmt":"2021-05-10T08:58:15","guid":{"rendered":"https:\/\/www.lamotte-industrial-park.com\/?page_id=1887"},"modified":"2023-10-26T13:16:43","modified_gmt":"2023-10-26T13:16:43","slug":"accueil-2","status":"publish","type":"page","link":"https:\/\/www.lamotte-industrial-park.com\/fr\/","title":{"rendered":"Accueil"},"content":{"rendered":"<div class=\"wpb-content-wrapper\"><p>[vc_row margin_bottom=\u00a0\u00bb30&Prime; el_class=\u00a0\u00bbgp_rev\u00a0\u00bb][vc_column]\n\t\t\t\t<p class=\"rs-p-wp-fix\"><\/p>\n\t\t\t\t<sr7-module data-alias=\"en-lamotte-industrial-park-11\" data-id=\"5\" id=\"SR7_5_1\" data-version=\"7.0.4\">\n\t\t\t\t\t<sr7-adjuster><\/sr7-adjuster>\n\t\t\t\t\t<sr7-content>\n\t\t\t\t\t\t<sr7-slide id=\"SR7_5_1-5\" data-key=\"5\">\n\t\t\t\t\t\t\t<sr7-txt id=\"SR7_5_1-5-2\" class=\"sr7-layer\">Lamotte<\/sr7-txt>\n\t\t\t\t\t\t\t<sr7-txt id=\"SR7_5_1-5-3\" class=\"sr7-layer\">industrial park<\/sr7-txt>\n\t\t\t\t\t\t\t<sr7-txt id=\"SR7_5_1-5-9\" class=\"sr7-layer\">En savoir plus<\/sr7-txt>\n\t\t\t\t\t\t<\/sr7-slide>\n\t\t\t\t\t\t<sr7-slide id=\"SR7_5_1-10\" data-key=\"10\">\n\t\t\t\t\t\t<\/sr7-slide>\n\t\t\t\t\t<\/sr7-content>\n\t\t\t\t\t<image_lists style=\"display:none\">\n\t\t\t\t\t\t<img data-src=\"\/\/www.lamotte-industrial-park.com\/wp-content\/uploads\/revslider\/o\/5\/b1ff60047cb9eab9ccea5f6875f0f12c.webp\" data-libid=\"62\" title=\"logo-part-1\" width=\"0\" height=\"0\" data-dbsrc=\"Ly93d3cubGFtb3R0ZS1pbmR1c3RyaWFsLXBhcmsuY29tL3dwLWNvbnRlbnQvdXBsb2Fkcy8yMDE3LzA2L2xvZ28tcGFydC0xLnBuZw==\"\/>\n\t\t\t\t\t<\/image_lists>\n\t\t\t\t<\/sr7-module>\n\t\t\t\t<script>\n\t\t\t\t\twindow.SR7??={}; SR7.PMH ??={}; SR7.PMH[\"SR7_5_1\"] = {cn:100,state:false,fn: function() { if (window._tpt!==undefined && window._tpt.prepareModuleHeight !== undefined) {  _tpt.prepareModuleHeight({id:\"SR7_5_1\",el:[868,868,768,960,720],type:'standard',gh:[868,868,768,960,720],gw:[1240,1240,1024,778,480],vpt:['-200px&#039;,&#039;-200px&#039;,&#039;-200px&#039;,&#039;-200px&#039;,&#039;-200px'],size:{fullWidth:true, fullHeight:false},mh:'0',onh:0,onw:0,bg:{color:'{\"type\":\"solid\",\"orig\":\"rgba(255, 255, 255, 0.7)\",\"string\":\"rgba(255, 255, 255, 0.7)\"}'},plType:'0',plColor:'#FFFFFF'});   SR7.PMH[\"SR7_5_1\"].state=true;} else if(SR7.PMH[\"SR7_5_1\"].cn-->0)\tsetTimeout( SR7.PMH[\"SR7_5_1\"].fn,19);}};SR7.PMH[\"SR7_5_1\" ].fn();\n\t\t\t\t<\/script>\n[\/vc_column][\/vc_row][vc_row][vc_column css=\u00a0\u00bb.vc_custom_1612366111103{margin-bottom: 30px !important;}\u00a0\u00bb][vc_custom_heading text=\u00a0\u00bbLes acteurs de la plateforme\u00a0\u00bb font_container=\u00a0\u00bbtag:h1|font_size:50|text_align:center|color:%231e73be|line_height:60px\u00a0\u00bb use_theme_fonts=\u00a0\u00bbyes\u00a0\u00bb css_animation=\u00a0\u00bbnone\u00a0\u00bb css=\u00a0\u00bb.vc_custom_1612366069481{margin-bottom: 30px !important;}\u00a0\u00bb el_id=\u00a0\u00bbgp_ancre\u00a0\u00bb][vc_row_inner content_placement=\u00a0\u00bbmiddle\u00a0\u00bb][vc_column_inner width=\u00a0\u00bb1\/5&Prime;][vc_single_image image=\u00a0\u00bb1544&Prime; img_size=\u00a0\u00bbfull\u00a0\u00bb onclick=\u00a0\u00bbcustom_link\u00a0\u00bb img_link_target=\u00a0\u00bb_blank\u00a0\u00bb css_animation=\u00a0\u00bbfadeIn\u00a0\u00bb link=\u00a0\u00bbhttps:\/\/www.lamotte-industrial-park.com\/fr\/weylchem-lamotte-2\/\u00a0\u00bb][\/vc_column_inner][vc_column_inner width=\u00a0\u00bb1\/5&Prime;][vc_single_image image=\u00a0\u00bb1327&Prime; img_size=\u00a0\u00bbfull\u00a0\u00bb onclick=\u00a0\u00bbcustom_link\u00a0\u00bb css_animation=\u00a0\u00bbfadeIn\u00a0\u00bb link=\u00a0\u00bbhttps:\/\/www.archroma.com\/\u00a0\u00bb][\/vc_column_inner][vc_column_inner width=\u00a0\u00bb1\/5&Prime;][vc_single_image image=\u00a0\u00bb1594&Prime; img_size=\u00a0\u00bbfull\u00a0\u00bb onclick=\u00a0\u00bbcustom_link\u00a0\u00bb css_animation=\u00a0\u00bbfadeIn\u00a0\u00bb link=\u00a0\u00bbhttps:\/\/www.pqcorp.com\/\u00a0\u00bb][\/vc_column_inner][vc_column_inner width=\u00a0\u00bb1\/5&Prime;][vc_single_image image=\u00a0\u00bb1535&Prime; img_size=\u00a0\u00bbfull\u00a0\u00bb onclick=\u00a0\u00bbcustom_link\u00a0\u00bb css_animation=\u00a0\u00bbfadeIn\u00a0\u00bb link=\u00a0\u00bbhttps:\/\/www.merckgroup.com\/fr-fr\u00a0\u00bb][\/vc_column_inner][vc_column_inner width=\u00a0\u00bb1\/5&Prime;][vc_single_image image=\u00a0\u00bb1333&Prime; img_size=\u00a0\u00bbfull\u00a0\u00bb onclick=\u00a0\u00bbcustom_link\u00a0\u00bb css_animation=\u00a0\u00bbfadeIn\u00a0\u00bb link=\u00a0\u00bbhttps:\/\/cell-alternativ.fr\/\u00a0\u00bb][\/vc_column_inner][\/vc_row_inner][\/vc_column][\/vc_row][vc_row][vc_column][\/vc_column][\/vc_row][vc_row anchor=\u00a0\u00bbfirst\u00a0\u00bb][vc_column][vc_row_inner][vc_column_inner][vc_column_text]<\/p>\n<p style=\"text-align: center;\">Depuis le 1<sup>er<\/sup>\u00a0Janvier 2014, le site de Lamotte appartient au groupe ICIG. International Chemicals investor group est une soci\u00e9t\u00e9 d\u2019investissement priv\u00e9 et familiale.<\/p>\n<p style=\"text-align: center;\">WeylChem Lamotte est le propri\u00e9taire et l\u2019exploitant principal de la Plateforme industrielle de Lamotte (ex site Clariant). Ce site est implant\u00e9 depuis 1896 et est actuellement compos\u00e9 de 5 entreprises (Merck, PQ Europe, Archroma, Cell Alternativ, WeylChem Lamotte) dont 4 disposent d\u2019ateliers de fabrication.<\/p>\n<p style=\"text-align: center;\">Avec pr\u00e8s de 1 000 emplois concern\u00e9s, le site est un acteur majeur de l\u2019\u00e9conomie locale. Pour sa part, WeylChem Lamotte emploie directement plus de 440 personnes, dont l\u2019anciennet\u00e9 moyenne est autour de 22 ans.<\/p>\n<p style=\"text-align: center;\"><strong>La plateforme industrielle de Lamotte est situ\u00e9e \u00e0 1h de Paris et 15 mn de Compi\u00e8gne et est la seule usine chimique d\u00e9di\u00e9e au Nord de Paris.<\/strong><\/p>\n<p style=\"text-align: center;\">Elle a \u00e9t\u00e9 reconnue comme p\u00f4le de comp\u00e9tence pour accueillir de nouvelles entreprises chimiques et pharmaceutiques.<\/p>\n<p style=\"text-align: center;\">Plus de 15 Ha disponibles accessibles par train, route, fluvial.<\/p>\n<p style=\"text-align: center;\">Votre soci\u00e9t\u00e9 disposera d\u2019un support professionnel afin d\u2019am\u00e9liorer votre activit\u00e9.<\/p>\n<p>[\/vc_column_text][vc_btn title=\u00a0\u00bbContact\u00a0\u00bb align=\u00a0\u00bbcenter\u00a0\u00bb link=\u00a0\u00bburl:https%3A%2F%2Fwww.lamotte-industrial-park.com%2Ffr%2Fcontact%2F%20_blank||target:%20_blank|\u00a0\u00bb][vc_column_text]<\/p>\n<h3 style=\"text-align: center;\"><strong>La s\u00e9curit\u00e9 et l\u2019environnement comme priorit\u00e9.<\/strong><\/h3>\n<p>[\/vc_column_text][vc_empty_space height=\u00a0\u00bb50px\u00a0\u00bb][vc_column_text]<\/p>\n<p style=\"text-align: center;\">La prise en compte des aspects s\u00e9curit\u00e9 et la protection de l\u2019environnement commence d\u00e8s la conception des produits et des installations.<\/p>\n<p style=\"text-align: center;\">Un service Interne agr\u00e9\u00e9 par l\u2019administration garantit le bon \u00e9tat des appareils sous pression.<\/p>\n<p style=\"text-align: center;\">Le site est class\u00e9 \u00ab\u00a0Seveso seuil haut\u00a0\u00bb du fait de l\u2019utilisation de certains produits toxiques ou inflammables.<\/p>\n<p>&nbsp;<\/p>\n<p style=\"text-align: center;\">S\u2019appuyant sur le partenariat avec France Chimie, la plateforme b\u00e9n\u00e9ficie d\u2019une expertise unique et d\u2019un ensemble de services adapt\u00e9s. Etant Adh\u00e9rent \u00e9galement du P\u00f4le IAR, partenaire de l\u2019Universit\u00e9 Technologique de Compi\u00e8gne, l\u2019Ecole Sup\u00e9rieure de Chimie Organique, l\u2019ancrage territorial et le d\u00e9veloppement du dialogue avec les acteurs locaux sont des enjeux essentiels pour la plateforme qui souhaite rester un acteur important du d\u00e9veloppement \u00e9conomique local.<\/p>\n<p>[\/vc_column_text][\/vc_column_inner][\/vc_row_inner][\/vc_column][\/vc_row][vc_row][vc_column width=\u00a0\u00bb1\/4&Prime;][vc_single_image image=\u00a0\u00bb2365&Prime;][\/vc_column][vc_column width=\u00a0\u00bb1\/4&Prime;][vc_single_image image=\u00a0\u00bb2528&Prime; img_size=\u00a0\u00bbfull\u00a0\u00bb][\/vc_column][vc_column width=\u00a0\u00bb1\/4&Prime;][vc_single_image image=\u00a0\u00bb2512&Prime; img_size=\u00a0\u00bbfull\u00a0\u00bb][\/vc_column][vc_column width=\u00a0\u00bb1\/4&Prime;][vc_single_image image=\u00a0\u00bb2522&Prime; img_size=\u00a0\u00bbfull\u00a0\u00bb][\/vc_column][\/vc_row]<\/p>\n<\/div>","protected":false},"excerpt":{"rendered":"<p>[vc_row margin_bottom=\u00a0\u00bb30&Prime; el_class=\u00a0\u00bbgp_rev\u00a0\u00bb][vc_column][\/vc_column][\/vc_row][vc_row][vc_column css=\u00a0\u00bb.vc_custom_1612366111103{margin-bottom: 30px !important;}\u00a0\u00bb][vc_custom_heading text=\u00a0\u00bbLes acteurs de la plateforme\u00a0\u00bb font_container=\u00a0\u00bbtag:h1|font_size:50|text_align:center|color:%231e73be|line_height:60px\u00a0\u00bb use_theme_fonts=\u00a0\u00bbyes\u00a0\u00bb css_animation=\u00a0\u00bbnone\u00a0\u00bb css=\u00a0\u00bb.vc_custom_1612366069481{margin-bottom: 30px !important;}\u00a0\u00bb el_id=\u00a0\u00bbgp_ancre\u00a0\u00bb][vc_row_inner content_placement=\u00a0\u00bbmiddle\u00a0\u00bb][vc_column_inner width=\u00a0\u00bb1\/5&Prime;][vc_single_image image=\u00a0\u00bb1544&Prime; img_size=\u00a0\u00bbfull\u00a0\u00bb onclick=\u00a0\u00bbcustom_link\u00a0\u00bb img_link_target=\u00a0\u00bb_blank\u00a0\u00bb css_animation=\u00a0\u00bbfadeIn\u00a0\u00bb link=\u00a0\u00bbhttps:\/\/www.lamotte-industrial-park.com\/fr\/weylchem-lamotte-2\/\u00a0\u00bb][\/vc_column_inner][vc_column_inner width=\u00a0\u00bb1\/5&Prime;][vc_single_image image=\u00a0\u00bb1327&Prime; img_size=\u00a0\u00bbfull\u00a0\u00bb onclick=\u00a0\u00bbcustom_link\u00a0\u00bb css_animation=\u00a0\u00bbfadeIn\u00a0\u00bb link=\u00a0\u00bbhttps:\/\/www.archroma.com\/\u00a0\u00bb][\/vc_column_inner][vc_column_inner width=\u00a0\u00bb1\/5&Prime;][vc_single_image image=\u00a0\u00bb1594&Prime; img_size=\u00a0\u00bbfull\u00a0\u00bb onclick=\u00a0\u00bbcustom_link\u00a0\u00bb css_animation=\u00a0\u00bbfadeIn\u00a0\u00bb link=\u00a0\u00bbhttps:\/\/www.pqcorp.com\/\u00a0\u00bb][\/vc_column_inner][vc_column_inner width=\u00a0\u00bb1\/5&Prime;][vc_single_image image=\u00a0\u00bb1535&Prime; img_size=\u00a0\u00bbfull\u00a0\u00bb onclick=\u00a0\u00bbcustom_link\u00a0\u00bb css_animation=\u00a0\u00bbfadeIn\u00a0\u00bb link=\u00a0\u00bbhttps:\/\/www.merckgroup.com\/fr-fr\u00a0\u00bb][\/vc_column_inner][vc_column_inner width=\u00a0\u00bb1\/5&Prime;][vc_single_image image=\u00a0\u00bb1333&Prime; img_size=\u00a0\u00bbfull\u00a0\u00bb onclick=\u00a0\u00bbcustom_link\u00a0\u00bb css_animation=\u00a0\u00bbfadeIn\u00a0\u00bb link=\u00a0\u00bbhttps:\/\/cell-alternativ.fr\/\u00a0\u00bb][\/vc_column_inner][\/vc_row_inner][\/vc_column][\/vc_row][vc_row][vc_column][\/vc_column][\/vc_row][vc_row anchor=\u00a0\u00bbfirst\u00a0\u00bb][vc_column][vc_row_inner][vc_column_inner][vc_column_text] Depuis le 1er\u00a0Janvier 2014,&hellip;<\/p>\n","protected":false},"author":5,"featured_media":0,"parent":0,"menu_order":0,"comment_status":"closed","ping_status":"closed","template":"","meta":{"rs_blank_template":"","rs_page_bg_color":"","slide_template_v7":"","footnotes":""},"class_list":["post-1887","page","type-page","status-publish","hentry","description-off"],"_links":{"self":[{"href":"https:\/\/www.lamotte-industrial-park.com\/fr\/wp-json\/wp\/v2\/pages\/1887","targetHints":{"allow":["GET"]}}],"collection":[{"href":"https:\/\/www.lamotte-industrial-park.com\/fr\/wp-json\/wp\/v2\/pages"}],"about":[{"href":"https:\/\/www.lamotte-industrial-park.com\/fr\/wp-json\/wp\/v2\/types\/page"}],"author":[{"embeddable":true,"href":"https:\/\/www.lamotte-industrial-park.com\/fr\/wp-json\/wp\/v2\/users\/5"}],"replies":[{"embeddable":true,"href":"https:\/\/www.lamotte-industrial-park.com\/fr\/wp-json\/wp\/v2\/comments?post=1887"}],"version-history":[{"count":20,"href":"https:\/\/www.lamotte-industrial-park.com\/fr\/wp-json\/wp\/v2\/pages\/1887\/revisions"}],"predecessor-version":[{"id":2531,"href":"https:\/\/www.lamotte-industrial-park.com\/fr\/wp-json\/wp\/v2\/pages\/1887\/revisions\/2531"}],"wp:attachment":[{"href":"https:\/\/www.lamotte-industrial-park.com\/fr\/wp-json\/wp\/v2\/media?parent=1887"}],"curies":[{"name":"wp","href":"https:\/\/api.w.org\/{rel}","templated":true}]}}