{"id":1272,"date":"2020-09-30T07:05:46","date_gmt":"2020-09-30T07:05:46","guid":{"rendered":"https:\/\/www.lamotte-industrial-park.com\/privacy-policy\/"},"modified":"2020-09-30T08:52:53","modified_gmt":"2020-09-30T08:52:53","slug":"politique-confidentialite","status":"publish","type":"page","link":"https:\/\/www.lamotte-industrial-park.com\/fr\/politique-confidentialite\/","title":{"rendered":"Politique de confidentialit\u00e9"},"content":{"rendered":"<div class=\"wpb-content-wrapper\"><p>[vc_row][vc_column][vc_custom_heading text=\u00a0\u00bbPolitique de confidentialit\u00e9 de WeylChem Lamotte SAS relatives \u00e0 la protection des donn\u00e9es \u00e0 caract\u00e8re personnelles\u00a0\u00bb use_theme_fonts=\u00a0\u00bbyes\u00a0\u00bb][vc_column_text]WeylChem Lamotte SAS en tant que responsable de traitement prend tr\u00e8s au s\u00e9rieux la protection des donn\u00e9es \u00e0 caract\u00e8re personnel vous concernant.<\/p>\n<p>Nous vous prions de lire la politique suivante qui explique comment vos donn\u00e9es \u00e0 caract\u00e8re personnel sont trait\u00e9es.<\/p>\n<p>La pr\u00e9sente Politique de confidentialit\u00e9 s&rsquo;applique aux seules donn\u00e9es \u00e0 caract\u00e8re personnel que WeylChem Lamotte SAS recueille en ligne, notamment par l&rsquo;interm\u00e9diaire du pr\u00e9sent site Internet www.lamotte-Industrial-park.com, par courrier \u00e9lectronique et autres outils en ligne.<\/p>\n<p>Nous souhaitons vous expliquer ci-apr\u00e8s comment WeylChem Lamotte SAS (\u00ab WeylChem \u00bb) collecte, utilise et transf\u00e8re en ligne les donn\u00e9es \u00e0 caract\u00e8re personnel vous concernant.<\/p>\n<p>En utilisant le pr\u00e9sent site Internet, vous reconnaissez avoir pris connaissance des conditions de notre Politique de confidentialit\u00e9 et vous acceptez la collecte, l\u2019utilisation et le transfert de vos donn\u00e9es \u00e0 caract\u00e8re personnel dans le respect des conditions de la pr\u00e9sente Politique.<\/p>\n<p>Si vous avez des questions au sujet de notre Politique de confidentialit\u00e9, ou bien, si vous souhaitez demander l&rsquo;acc\u00e8s aux informations \u00e0 caract\u00e8re personnel vous concernant ou enfin, si vous voulez exercer vos droits personnels, vous pouvez nous contacter aux coordonn\u00e9es ci-dessous :<\/p>\n<p>&nbsp;<\/p>\n<p><strong>WeylChem Lamotte SAS<\/strong><br \/>\nService Juridique-R\u00e9f\u00e9rent RGPD<br \/>\nRue du Flottage<br \/>\n60 350 Trosly- Breuil<br \/>\nE-mail : contact.RGPDLamotte@weylchem.com.[\/vc_column_text][vc_custom_heading text=\u00a0\u00bb1. Collecte, stockage, des donn\u00e9es \u00e0 caract\u00e8re personnel, ainsi que la nature et les finalit\u00e9s de leur utilisation\u00a0\u00bb use_theme_fonts=\u00a0\u00bbyes\u00a0\u00bb][vc_custom_heading text=\u00a0\u00bba) Consultation du site Internet de Weylchem d\u00e9nomm\u00e9 Lamotte-Industrial-Park\u00a0\u00bb font_container=\u00a0\u00bbtag:h3|text_align:left|color:%23000000&Prime; use_theme_fonts=\u00a0\u00bbyes\u00a0\u00bb][vc_column_text]Lorsque vous vous rendez sur notre site Internet www.lamotte-Industrial-park.com ou (le \u00ab Site \u00bb), votre navigateur envoie automatiquement des informations au serveur de notre Site. Celles-ci sont temporairement stock\u00e9es dans un fichier appel\u00e9 fichier journal. Les informations suivantes seront collect\u00e9es sans votre intervention et conserv\u00e9es jusqu&rsquo;\u00e0 leur suppression automatique :<\/p>\n<ul>\n<li>L\u2019adresse IP de l&rsquo;ordinateur \u00e9mettant la requ\u00eate,<\/li>\n<li>La date et l\u2019heure d&rsquo;acc\u00e8s,<\/li>\n<li>Le nom et l\u2019URL du fichier r\u00e9cup\u00e9r\u00e9,<\/li>\n<li>Le site Internet \u00e0 partir duquel s&rsquo;effectue l&rsquo;acc\u00e8s (URL de provenance),<\/li>\n<li>Le type de navigateur utilis\u00e9 et, le cas \u00e9ch\u00e9ant, le syst\u00e8me d&rsquo;exploitation de votre ordinateur, ainsi que le nom de votre fournisseur d&rsquo;acc\u00e8s.<\/li>\n<\/ul>\n<p>Ces informations ou donn\u00e9es \u00e0 caract\u00e8re personnel sont trait\u00e9es par WeylChem pour les finalit\u00e9s suivantes :<\/p>\n<ul>\n<li>Contacter les Responsables de la plateforme industrielle de Lamotte (en vue par exemple, d\u2019un projet d\u2019installation sur un site industriel),<\/li>\n<li>Faire une demande d\u2019acc\u00e8s au site de Lamotte (visiteurs, intervenants ext\u00e9rieurs, etc.)<\/li>\n<li>Permettre l\u2019envoi par un candidat de documents en vue d\u2019un recrutement<\/li>\n<\/ul>\n<p>Le fondement juridique du traitement des donn\u00e9es \u00e0 caract\u00e8re personnel est le point f), phrase 1, paragraphe 1 de l&rsquo;article 6 du R\u00e8glement UE 2016\/679 du parlement europ\u00e9en et du conseil du 27 avril 2016 dit R\u00e8glement G\u00e9n\u00e9ral sur la protection des donn\u00e9es ci-apr\u00e8s d\u00e9nomm\u00e9 \u00ab RGPD \u00bb.<\/p>\n<p>L&rsquo;int\u00e9r\u00eat l\u00e9gitime d\u00e9coule des finalit\u00e9s inh\u00e9rentes \u00e0 la collecte des donn\u00e9es \u00e9num\u00e9r\u00e9es ci-dessus. En aucun cas, WeylChem n\u2019utilisera les donn\u00e9es collect\u00e9es dans le but de tirer la moindre conclusion \u00e0 votre sujet.[\/vc_column_text][vc_custom_heading text=\u00a0\u00bbb) Utilisation de nos formulaires de contact et de demande d\u2019acc\u00e8s\u00a0\u00bb font_container=\u00a0\u00bbtag:h3|text_align:left|color:%23000000&Prime; use_theme_fonts=\u00a0\u00bbyes\u00a0\u00bb][vc_column_text]Sur ce site, vous pouvez renseigner et communiquer des donn\u00e9es \u00e0 caract\u00e8re personnel en remplissant nos formulaires de contact et de demande d\u2019acc\u00e8s. Si vous utilisez ces formulaires, nous r\u00e9cup\u00e9rons et enregistrons les donn\u00e9es que vous avez renseign\u00e9es et envoy\u00e9es dans le masque de saisie (par exemple: nom de famille, pr\u00e9nom, adresse \u00e9lectronique). En aucun cas, nous ne divulguons ces donn\u00e9es \u00e0 des tiers.<\/p>\n<p>Le traitement des donn\u00e9es aux fins d&rsquo;\u00e9tablir un contact avec WeylChem, ou une demande d\u2019acc\u00e8s, est r\u00e9alis\u00e9 conform\u00e9ment aux dispositions du point a) phrase 1, paragraphe 1 de l&rsquo;article\u00a06 du RGPD sur la base de votre consentement volontaire.<\/p>\n<p>Nous utilisons ces donn\u00e9es exclusivement pour traiter votre demande et y r\u00e9pondre.[\/vc_column_text][vc_custom_heading text=\u00a0\u00bb2. Communication des donn\u00e9es\u00a0\u00bb use_theme_fonts=\u00a0\u00bbyes\u00a0\u00bb][vc_column_text]Il n&rsquo;y aura aucun transfert de vos donn\u00e9es \u00e0 caract\u00e8re personnel \u00e0 des tiers \u00e0 des fins autres que celles \u00e9num\u00e9r\u00e9es ci-apr\u00e8s.<\/p>\n<p>WeylChem ne partagera vos donn\u00e9es \u00e0 caract\u00e8re personnel avec des tiers que si :<\/p>\n<ul>\n<li>vous avez donn\u00e9 votre consentement expr\u00e8s en vertu du point a), paragraphe 1 de l&rsquo;article 6 du RGPD,<\/li>\n<li>la communication conform\u00e9ment au point f) phrase 1, paragraphe 1 de l&rsquo;article 6 du RGPD est n\u00e9cessaire pour constater, exercer ou d\u00e9fendre un droit en justice et qu&rsquo;il n&rsquo;y a aucune raison de pr\u00e9sumer que vous ayez un int\u00e9r\u00eat l\u00e9gitime et fondamental \u00e0 la non-communication de vos donn\u00e9es \u00e0 caract\u00e8re personnel,<\/li>\n<li>la communication est faite en vertu du point c), paragraphe 1 de l&rsquo;article 6 du RGPD pour r\u00e9pondre \u00e0 une obligation l\u00e9gale,<\/li>\n<li>ce partage est l\u00e9galement autoris\u00e9 et en vertu du point b), phrase 1, paragraphe 1 de l&rsquo;article 6 du RGPD parce que n\u00e9cessaire \u00e0 l&rsquo;ex\u00e9cution d\u2019une relation contractuelle avec vous.<\/li>\n<\/ul>\n<p>Si WeylChem sous-traite \u00e0 des tiers le traitement des donn\u00e9es sur la base d&rsquo;un contrat d\u00e9nomm\u00e9 \u00ab contrat de traitement de donn\u00e9es en sous-traitance \u00bb, le transfert de donn\u00e9es s\u2019effectue conform\u00e9ment aux dispositions de l&rsquo;article 28 du RGPD.[\/vc_column_text][vc_custom_heading text=\u00a0\u00bb3. Cookies\u00a0\u00bb use_theme_fonts=\u00a0\u00bbyes\u00a0\u00bb][vc_column_text]WeylChem utilise des cookies sur son site Internet.<\/p>\n<p>Un cookie est un petit fichier cr\u00e9\u00e9 et stock\u00e9 automatiquement par votre navigateur sur votre mat\u00e9riel informatique (ordinateur, tablette, smartphone, etc.) lorsque vous vous rendez sur notre site.<\/p>\n<p>Les cookies ne causent aucun dommage \u00e0 votre mat\u00e9riel informatique. Les Cookies ne contiennent ni virus, ni chevaux de Troie, ni autres logiciels malveillants.<\/p>\n<p>Dans chaque cookie, sont stock\u00e9es des informations qui permettent d&rsquo;\u00e9tablir la connexion avec le mat\u00e9riel informatique sp\u00e9cifique employ\u00e9. Cependant, cela ne signifie pas que WeylChem aura imm\u00e9diatement connaissance de votre identit\u00e9.<\/p>\n<p>L&rsquo;utilisation de cookies permet, de rendre plus efficace l&rsquo;utilisation du contenu en ligne de WeylChem. Les cookies dits de session servent \u00e0 vous reconna\u00eetre, lorsque vous avez d\u00e9j\u00e0 consult\u00e9 des pages individuelles du site. Ils seront automatiquement supprim\u00e9s d\u00e8s que vous quitterez le site.<\/p>\n<p>De plus, pour am\u00e9liorer l&rsquo;usage de notre site, nous utilisons \u00e9galement des cookies temporaires qui sont stock\u00e9s sur votre terminal pendant une dur\u00e9e limit\u00e9e. Ainsi lorsque vous consulterez \u00e0 nouveau le Site pour utiliser les services de WeylChem, vous saurez automatiquement que vous avez d\u00e9j\u00e0 consult\u00e9 ces pages et quels sont les donn\u00e9es et les param\u00e8tres que vous avez pr\u00e9c\u00e9demment renseign\u00e9s de mani\u00e8re \u00e0 ne pas avoir \u00e0 les saisir \u00e0 nouveau.<\/p>\n<p>Ces cookies permettent \u00e0 WeylChem de vous reconna\u00eetre automatiquement lorsque vous consultez \u00e0 nouveau notre Site. Ces cookies sont automatiquement supprim\u00e9s au-del\u00e0 d&rsquo;un d\u00e9lai pr\u00e9d\u00e9fini.<\/p>\n<p>Les donn\u00e9es trait\u00e9es par les cookies le sont dans le cadre des finalit\u00e9s d\u00e9finies pr\u00e9c\u00e9demment pour prot\u00e9ger les int\u00e9r\u00eats l\u00e9gitimes de WeylChem et des tiers requis en vertu du point f), phrase 1, paragraphe 1 de l&rsquo;article 6 du RGPD.<\/p>\n<p>La plupart des navigateurs acceptent les cookies automatiquement. Toutefois, vous pouvez configurer votre navigateur de telle sorte qu&rsquo;aucun cookie ne soit stock\u00e9 sur votre ordinateur ou de sorte qu&rsquo;un indicateur apparaisse toujours avant la cr\u00e9ation de tout nouveau cookie. Cependant, si vous d\u00e9sactivez compl\u00e8tement les cookies, vous risquez de ne pas pouvoir utiliser toutes les fonctionnalit\u00e9s du Site.[\/vc_column_text][vc_custom_heading text=\u00a0\u00bb4. Quels sont vos droits ?\u00a0\u00bb use_theme_fonts=\u00a0\u00bbyes\u00a0\u00bb][vc_column_text]Vous avez le droit :<\/p>\n<ul>\n<li>de demander des informations sur les donn\u00e9es \u00e0 caract\u00e8re personnel vous concernant trait\u00e9es par WeylChem conform\u00e9ment \u00e0 l&rsquo;article 15 du RGPD. Vous pouvez notamment recevoir des informations sur les finalit\u00e9s du traitement, la cat\u00e9gorie de donn\u00e9es \u00e0 caract\u00e8re personnel concern\u00e9es, les cat\u00e9gories de destinataires auxquels vos donn\u00e9es ont \u00e9t\u00e9 communiqu\u00e9es, la dur\u00e9e de conservation des donn\u00e9es envisag\u00e9e, l&rsquo;existence du droit \u00e0 demander la rectification ou l&rsquo;effacement de vos donn\u00e9es, une limitation du traitement de vos donn\u00e9es ou du droit de s&rsquo;opposer \u00e0 leur traitement, l&rsquo;existence d&rsquo;un droit \u00e0 introduire une r\u00e9clamation, la source des donn\u00e9es si celles-ci n&rsquo;ont pas \u00e9t\u00e9 collect\u00e9es aupr\u00e8s de vous, ainsi que l&rsquo;existence d&rsquo;une prise de d\u00e9cision automatis\u00e9e, y compris un profilage et, en pareil cas, des informations utiles sur les coordonn\u00e9es,<\/li>\n<li>conform\u00e9ment \u00e0 l&rsquo;article 16 du RGPD, d&rsquo;exiger la rectification imm\u00e9diate de donn\u00e9es \u00e0 caract\u00e8re personnel inexactes vous concernant ou le compl\u00e9ment de ces donn\u00e9es \u00e0 caract\u00e8re personnel que nous stockons,<\/li>\n<li>conform\u00e9ment \u00e0 l&rsquo;article 17 du RGPD, d&rsquo;exiger la suppression de vos donn\u00e9es \u00e0 caract\u00e8re personnel stock\u00e9es chez WeylChem, \u00e0 moins que le traitement soit n\u00e9cessaire \u00e0 l&rsquo;exercice du droit \u00e0 la libert\u00e9 d&rsquo;expression et d&rsquo;information, pour respecter une obligation l\u00e9gale, pour des motifs d&rsquo;int\u00e9r\u00eat public ou pour la constatation, l&rsquo;exercice ou la d\u00e9fense de droits en justice,<\/li>\n<li>conform\u00e9ment \u00e0 l&rsquo;article 18 du RGPD, de demander la limitation du traitement des donn\u00e9es \u00e0 caract\u00e8re personnel lorsque l&rsquo;exactitude de ces donn\u00e9es est contest\u00e9e par vous ou que leur traitement est illicite et pour autant que vous vous opposiez \u00e0 leur effacement, alors que WeylChem n&rsquo;a plus besoin de ces donn\u00e9es, mais vous en aurez besoin en relation avec la constatation, l&rsquo;exercice ou la d\u00e9fense de droits en justice ou encore en cas d&rsquo;opposition \u00e0 leur traitement conform\u00e9ment \u00e0 l&rsquo;article 21 du RGPD,<\/li>\n<li>conform\u00e9ment \u00e0 l&rsquo;article 20 du RGPD, de recevoir les donn\u00e9es \u00e0 caract\u00e8re personnel vous concernant qui ont \u00e9t\u00e9 communiqu\u00e9es \u00e0 WeylChem dans un format structur\u00e9, couramment utilis\u00e9 et lisible par machine, ou demander \u00e0 ce que ces donn\u00e9es soient transmises \u00e0 un autre responsable du traitement,<\/li>\n<li>conform\u00e9ment au paragraphe 3 de l&rsquo;article 7 du RGPD, de retirer \u00e0 tout moment, votre consentement, m\u00eame apr\u00e8s l&rsquo;avoir d\u00e9j\u00e0 donn\u00e9 \u00e0 WeylChem. En cons\u00e9quence, WeylChem ne pourra plus poursuivre le traitement de vos donn\u00e9es dans l&rsquo;avenir, et<\/li>\n<li>conform\u00e9ment \u00e0 l&rsquo;article 77 du RGPD, introduire une r\u00e9clamation aupr\u00e8s d&rsquo;une autorit\u00e9 de contr\u00f4le. En r\u00e8gle g\u00e9n\u00e9rale, vous pouvez contacter l&rsquo;autorit\u00e9 de contr\u00f4le de votre lieu de r\u00e9sidence habituelle, votre lieu de travail ou le si\u00e8ge social de notre soci\u00e9t\u00e9.<\/li>\n<\/ul>\n<p>[\/vc_column_text][vc_custom_heading text=\u00a0\u00bb5. Droits d&rsquo;opposition\u00a0\u00bb use_theme_fonts=\u00a0\u00bbyes\u00a0\u00bb][vc_column_text]Si les donn\u00e9es \u00e0 caract\u00e8re personnel vous concernant sont trait\u00e9es sur la base d&rsquo;int\u00e9r\u00eats l\u00e9gitimes conform\u00e9ment au point f), phrase1, paragraphe 1 de l&rsquo;article 6 du RGPD, vous avez le droit de vous opposer au traitement des donn\u00e9es \u00e0 caract\u00e8re personnel vous concernant en vertu de l&rsquo;article\u00a021 du RGPD, \u00e0 condition qu&rsquo;il existe des raisons tenant \u00e0 votre situation particuli\u00e8re ou que l&rsquo;opposition vise des actions de marketing direct. Dans ce dernier cas, vous disposez d&rsquo;un droit d&rsquo;opposition g\u00e9n\u00e9ral que WeylChem se doit de respecter sans pr\u00e9ciser la moindre raison tenant \u00e0 votre situation particuli\u00e8re.<\/p>\n<p>Si vous souhaitez exercer votre droit de r\u00e9vocation ou d&rsquo;opposition, veuillez adresser un message \u00e9lectronique \u00e0 l&rsquo;adresse suivante\u00a0: <a href=\"mailto:contact.RGPDLamotte@weylchem.com\">contact.RGPDLamotte@weylchem.com<\/a>.[\/vc_column_text][vc_custom_heading text=\u00a0\u00bb6. S\u00e9curit\u00e9 des donn\u00e9es\u00a0\u00bb use_theme_fonts=\u00a0\u00bbyes\u00a0\u00bb][vc_column_text]WeylChem utilise le protocole s\u00e9curis\u00e9 de chiffrement couramment employ\u00e9 SSL (Secure Socket Layer) dans le cadre des visites du site, parall\u00e8lement au plus haut niveau de chiffrement pris en charge par votre navigateur. En g\u00e9n\u00e9ral, il s&rsquo;agit d&rsquo;un chiffrement \u00e0 256\u00a0bits. Si votre navigateur n&rsquo;accepte pas le chiffrement \u00e0 256\u00a0bits, WeylChem utilise, \u00e0 la place, une technologie v3 \u00e0 128\u00a0bits. Le chiffrement d&rsquo;une seule page du site est indiqu\u00e9 par la repr\u00e9sentation en position ferm\u00e9e de l&rsquo;ic\u00f4ne sous forme de cl\u00e9 ou de verrou dans la barre d&rsquo;\u00e9tat inf\u00e9rieure de votre navigateur.<\/p>\n<p>\u00c0 ce propos, WeylChem utilise des mesures de s\u00e9curit\u00e9 technique et organisationnelle appropri\u00e9es pour garantir la protection de vos donn\u00e9es contre toute manipulation accidentelle ou intentionnelle, perte ou destruction partielle ou totale, ou encore contre tout acc\u00e8s non autoris\u00e9 par des tiers. Les mesures de s\u00e9curit\u00e9 mises en \u0153uvre par WeylChem font l&rsquo;objet d&rsquo;am\u00e9liorations permanentes dans la lign\u00e9e des \u00e9volutions technologiques.[\/vc_column_text][vc_custom_heading text=\u00a0\u00bb7. Mise \u00e0 jour et modification de la pr\u00e9sente politique de confidentialit\u00e9\u00a0\u00bb use_theme_fonts=\u00a0\u00bbyes\u00a0\u00bb][vc_column_text]La pr\u00e9sente politique de confidentialit\u00e9 entre en vigueur le 1<sup>er<\/sup> juillet 2020.<\/p>\n<p>Il peut s&rsquo;av\u00e9rer n\u00e9cessaire d&rsquo;apporter des modifications \u00e0 la pr\u00e9sente politique.<\/p>\n<p>Vous pouvez consulter ou imprimer la politique de confidentialit\u00e9 dans sa version actuelle \u00e0 tout moment, \u00e0 partir du pr\u00e9sent site.[\/vc_column_text][\/vc_column][\/vc_row]<\/p>\n<\/div>","protected":false},"excerpt":{"rendered":"<p>[vc_row][vc_column][vc_custom_heading text=\u00a0\u00bbPolitique de confidentialit\u00e9 de WeylChem Lamotte SAS relatives \u00e0 la protection des donn\u00e9es \u00e0 caract\u00e8re personnelles\u00a0\u00bb use_theme_fonts=\u00a0\u00bbyes\u00a0\u00bb][vc_column_text]WeylChem Lamotte SAS en tant que responsable de traitement prend tr\u00e8s au s\u00e9rieux la protection des donn\u00e9es \u00e0 caract\u00e8re personnel vous concernant. Nous vous prions de lire la politique suivante qui explique comment vos donn\u00e9es \u00e0 caract\u00e8re personnel&hellip;<\/p>\n","protected":false},"author":1,"featured_media":0,"parent":0,"menu_order":0,"comment_status":"closed","ping_status":"closed","template":"","meta":{"rs_blank_template":"","rs_page_bg_color":"","slide_template_v7":"","footnotes":""},"class_list":["post-1272","page","type-page","status-publish","hentry","description-off"],"_links":{"self":[{"href":"https:\/\/www.lamotte-industrial-park.com\/fr\/wp-json\/wp\/v2\/pages\/1272","targetHints":{"allow":["GET"]}}],"collection":[{"href":"https:\/\/www.lamotte-industrial-park.com\/fr\/wp-json\/wp\/v2\/pages"}],"about":[{"href":"https:\/\/www.lamotte-industrial-park.com\/fr\/wp-json\/wp\/v2\/types\/page"}],"author":[{"embeddable":true,"href":"https:\/\/www.lamotte-industrial-park.com\/fr\/wp-json\/wp\/v2\/users\/1"}],"replies":[{"embeddable":true,"href":"https:\/\/www.lamotte-industrial-park.com\/fr\/wp-json\/wp\/v2\/comments?post=1272"}],"version-history":[{"count":17,"href":"https:\/\/www.lamotte-industrial-park.com\/fr\/wp-json\/wp\/v2\/pages\/1272\/revisions"}],"predecessor-version":[{"id":2100,"href":"https:\/\/www.lamotte-industrial-park.com\/fr\/wp-json\/wp\/v2\/pages\/1272\/revisions\/2100"}],"wp:attachment":[{"href":"https:\/\/www.lamotte-industrial-park.com\/fr\/wp-json\/wp\/v2\/media?parent=1272"}],"curies":[{"name":"wp","href":"https:\/\/api.w.org\/{rel}","templated":true}]}}