{"id":1086,"date":"2018-05-16T12:26:55","date_gmt":"2018-05-16T12:26:55","guid":{"rendered":"https:\/\/www.lamotte-industrial-park.com\/home\/temoignages\/"},"modified":"2021-01-26T09:26:43","modified_gmt":"2021-01-26T09:26:43","slug":"testimony","status":"publish","type":"page","link":"https:\/\/www.lamotte-industrial-park.com\/en\/testimony\/","title":{"rendered":"Testimony"},"content":{"rendered":"<div class=\"wpb-content-wrapper\"><p>[vc_row][vc_column][vc_single_image image=&#8221;148&#8243; img_size=&#8221;120&#215;20&#8243; css_animation=&#8221;fadeIn&#8221; lazy_loading=&#8221;true&#8221;][vc_column_text]Merck Performance Materials site in Lamotte (since 2014) was previously AZ Electronic Materials between 2004 and 2014.<\/p>\n<p>We have developed a very strong partnership with Clariant and Weylchem since 2004 to support our business<\/p>\n<p>Since 2012 we have doubled our factory capacity and implemented a new packaging area with a strong support from Weylchem to find very constructive solutions<\/p>\n<p>We are also exchanging our best practices to drive our common efficiency objectives[\/vc_column_text][\/vc_column][\/vc_row][vc_row][vc_column][vc_single_image image=&#8221;151&#8243; img_size=&#8221;120&#215;20&#8243; css_animation=&#8221;fadeIn&#8221; lazy_loading=&#8221;true&#8221;][vc_row_inner][vc_column_inner][vc_column_text]Archroma\u2019s site in Lamotte went through a period of significant change after the Carve-Out from Clariant.<\/p>\n<p>The output of the site has grown substantially and Archroma fundamentally changed its logistics concept.<\/p>\n<p>The support of the Chemical Park \/ Platform as a reliable, solution oriented partner open for constructive discussion was crucial for success.<\/p>\n<p>&nbsp;<\/p>\n<p>Archromas Standort in Lamotte ging durch eine Phase intensiver Ver\u00e4nderung nach dem Carve-Out aus Clariant.<\/p>\n<p>Die produzierte Menge am Standort wurde deutlich gesteigert und Archroma stellte ihr Logistikkonzept grundlegend um.<\/p>\n<p>Die Unterst\u00fctzung durch den Chemiepark \/ die Plattform als verl\u00e4sslicher und l\u00f6sungsorientierter Partner, welcher immer offen war f\u00fcr konstruktive Diskussionen, waren zentral f\u00fcr den Erfolg.[\/vc_column_text][\/vc_column_inner][\/vc_row_inner][\/vc_column][\/vc_row]<\/p>\n<\/div>","protected":false},"excerpt":{"rendered":"<p>[vc_row][vc_column][vc_single_image image=&#8221;148&#8243; img_size=&#8221;120&#215;20&#8243; css_animation=&#8221;fadeIn&#8221; lazy_loading=&#8221;true&#8221;][vc_column_text]Merck Performance Materials site in Lamotte (since 2014) was previously AZ Electronic Materials between 2004 and 2014. We have developed a very strong partnership with Clariant and Weylchem since 2004 to support our business Since 2012 we have doubled our factory capacity and implemented a new packaging area with a strong&hellip;<\/p>\n","protected":false},"author":3,"featured_media":0,"parent":0,"menu_order":0,"comment_status":"closed","ping_status":"closed","template":"","meta":{"rs_blank_template":"","rs_page_bg_color":"#ffffff","slide_template_v7":"","footnotes":""},"class_list":["post-1086","page","type-page","status-publish","hentry","description-off"],"_links":{"self":[{"href":"https:\/\/www.lamotte-industrial-park.com\/en\/wp-json\/wp\/v2\/pages\/1086","targetHints":{"allow":["GET"]}}],"collection":[{"href":"https:\/\/www.lamotte-industrial-park.com\/en\/wp-json\/wp\/v2\/pages"}],"about":[{"href":"https:\/\/www.lamotte-industrial-park.com\/en\/wp-json\/wp\/v2\/types\/page"}],"author":[{"embeddable":true,"href":"https:\/\/www.lamotte-industrial-park.com\/en\/wp-json\/wp\/v2\/users\/3"}],"replies":[{"embeddable":true,"href":"https:\/\/www.lamotte-industrial-park.com\/en\/wp-json\/wp\/v2\/comments?post=1086"}],"version-history":[{"count":13,"href":"https:\/\/www.lamotte-industrial-park.com\/en\/wp-json\/wp\/v2\/pages\/1086\/revisions"}],"predecessor-version":[{"id":1119,"href":"https:\/\/www.lamotte-industrial-park.com\/en\/wp-json\/wp\/v2\/pages\/1086\/revisions\/1119"}],"wp:attachment":[{"href":"https:\/\/www.lamotte-industrial-park.com\/en\/wp-json\/wp\/v2\/media?parent=1086"}],"curies":[{"name":"wp","href":"https:\/\/api.w.org\/{rel}","templated":true}]}}